{"id":3833,"date":"2023-06-02T15:07:48","date_gmt":"2023-06-02T13:07:48","guid":{"rendered":"https:\/\/www.boccola.es\/product\/red-beanie\/"},"modified":"2023-06-02T15:07:48","modified_gmt":"2023-06-02T13:07:48","slug":"red-beanie","status":"publish","type":"product","link":"https:\/\/www.boccola.es\/en\/product\/red-beanie\/","title":{"rendered":"RED BEANIE"},"content":{"rendered":"<div class=\"uk-grid-large\" uk-grid=\"\">\n<div class=\"uk-flex-middle uk-width-1-3@m\">\n<h2 class=\"uk-h5 uk-margin-small\">Best Quality<\/h2>\n<p>Lorem ipsum dolor sit amet, consectetur adipiscing elit, sed do eiusmod tempor incididunt ut labore et dolore magna aliqua. Ut enim ad minim veniam, quis nostrud exercitation ullamco laboris nisi ut aliquip ex ea commodo consequat.<\/p>\n<\/div>\n<div class=\"uk-width-2-3@m\">\n<div>\n<div class=\"uk-child-width-1-2@s uk-grid-small\" uk-grid=\"\">\n<div><img loading=\"lazy\" decoding=\"async\" src=\"wp-content\/uploads\/yootheme\/products-post-image-01.jpg\" alt=\"\" width=\"610\" height=\"455\"><\/div>\n<div><img loading=\"lazy\" decoding=\"async\" src=\"wp-content\/uploads\/yootheme\/products-post-image-02.jpg\" alt=\"\" width=\"610\" height=\"455\"><\/div>\n<\/div>\n<\/div>\n<\/div>\n<\/div>\n","protected":false},"excerpt":{"rendered":"<p>Lorem ipsum dolor sit amet, consectetuer adipiscing elit. Aenean commodo ligula eget dolor. Aenean massa. Cum sociis natoque penatibus.<\/p>\n","protected":false},"author":3,"featured_media":3180,"comment_status":"open","ping_status":"closed","template":"","meta":{"_monsterinsights_skip_tracking":false,"_monsterinsights_sitenote_active":false,"_monsterinsights_sitenote_note":"","_monsterinsights_sitenote_category":0},"product_cat":[25],"product_tag":[],"yoast_head":"<!-- This site is optimized with the Yoast SEO plugin v22.8 - https:\/\/yoast.com\/wordpress\/plugins\/seo\/ -->\n<title>RED BEANIE | Boccola<\/title>\n<meta name=\"description\" content=\"Boccola, empresa fabricante de corbatas, pajaritas, gemelos, chalecos, pa\u00f1uelos de moda en Barcelona. Dise\u00f1amos y fabricamos. Modelos personalizados. Ll\u00e1manos.\" \/>\n<meta name=\"robots\" content=\"index, follow, max-snippet:-1, max-image-preview:large, max-video-preview:-1\" \/>\n<link rel=\"canonical\" href=\"https:\/\/www.boccola.es\/en\/product\/red-beanie\/\" \/>\n<meta property=\"og:locale\" content=\"en_US\" \/>\n<meta property=\"og:type\" content=\"article\" \/>\n<meta property=\"og:title\" content=\"RED BEANIE | Boccola\" \/>\n<meta property=\"og:description\" content=\"Boccola, empresa fabricante de corbatas, pajaritas, gemelos, chalecos, pa\u00f1uelos de moda en Barcelona. Dise\u00f1amos y fabricamos. Modelos personalizados. Ll\u00e1manos.\" \/>\n<meta property=\"og:url\" content=\"https:\/\/www.boccola.es\/en\/product\/red-beanie\/\" \/>\n<meta property=\"og:site_name\" content=\"Boccola\" \/>\n<meta property=\"article:publisher\" content=\"https:\/\/www.facebook.com\/boccoladesign\" \/>\n<meta property=\"og:image\" content=\"https:\/\/www.boccola.es\/wp-content\/uploads\/producte-36.jpg\" \/>\n\t<meta property=\"og:image:width\" content=\"1675\" \/>\n\t<meta property=\"og:image:height\" content=\"1716\" \/>\n\t<meta property=\"og:image:type\" content=\"image\/jpeg\" \/>\n<meta name=\"twitter:card\" content=\"summary_large_image\" \/>\n<meta name=\"twitter:site\" content=\"@BoccolaDesign\" \/>\n<script type=\"application\/ld+json\" class=\"yoast-schema-graph\">{\"@context\":\"https:\/\/schema.org\",\"@graph\":[{\"@type\":[\"WebPage\",\"ItemPage\"],\"@id\":\"https:\/\/www.boccola.es\/en\/product\/red-beanie\/\",\"url\":\"https:\/\/www.boccola.es\/en\/product\/red-beanie\/\",\"name\":\"RED BEANIE | Boccola\",\"isPartOf\":{\"@id\":\"https:\/\/www.boccola.es\/en\/#website\"},\"primaryImageOfPage\":{\"@id\":\"https:\/\/www.boccola.es\/en\/product\/red-beanie\/#primaryimage\"},\"image\":{\"@id\":\"https:\/\/www.boccola.es\/en\/product\/red-beanie\/#primaryimage\"},\"thumbnailUrl\":\"https:\/\/www.boccola.es\/wp-content\/uploads\/producte-36.jpg\",\"datePublished\":\"2023-06-02T13:07:48+00:00\",\"dateModified\":\"2023-06-02T13:07:48+00:00\",\"description\":\"Boccola, empresa fabricante de corbatas, pajaritas, gemelos, chalecos, pa\u00f1uelos de moda en Barcelona. Dise\u00f1amos y fabricamos. Modelos personalizados. Ll\u00e1manos.\",\"breadcrumb\":{\"@id\":\"https:\/\/www.boccola.es\/en\/product\/red-beanie\/#breadcrumb\"},\"inLanguage\":\"en-US\",\"potentialAction\":[{\"@type\":\"ReadAction\",\"target\":[\"https:\/\/www.boccola.es\/en\/product\/red-beanie\/\"]}]},{\"@type\":\"ImageObject\",\"inLanguage\":\"en-US\",\"@id\":\"https:\/\/www.boccola.es\/en\/product\/red-beanie\/#primaryimage\",\"url\":\"https:\/\/www.boccola.es\/wp-content\/uploads\/producte-36.jpg\",\"contentUrl\":\"https:\/\/www.boccola.es\/wp-content\/uploads\/producte-36.jpg\",\"width\":1675,\"height\":1716},{\"@type\":\"BreadcrumbList\",\"@id\":\"https:\/\/www.boccola.es\/en\/product\/red-beanie\/#breadcrumb\",\"itemListElement\":[{\"@type\":\"ListItem\",\"position\":1,\"name\":\"Home\",\"item\":\"https:\/\/www.boccola.es\/en\/\"},{\"@type\":\"ListItem\",\"position\":2,\"name\":\"Products\",\"item\":\"https:\/\/www.boccola.es\/tienda\/\"},{\"@type\":\"ListItem\",\"position\":3,\"name\":\"RED BEANIE\"}]},{\"@type\":\"WebSite\",\"@id\":\"https:\/\/www.boccola.es\/en\/#website\",\"url\":\"https:\/\/www.boccola.es\/en\/\",\"name\":\"Boccola\",\"description\":\"Fabricaci\u00f3n y dise\u00f1o de corbatas y pajaritas\",\"publisher\":{\"@id\":\"https:\/\/www.boccola.es\/en\/#organization\"},\"potentialAction\":[{\"@type\":\"SearchAction\",\"target\":{\"@type\":\"EntryPoint\",\"urlTemplate\":\"https:\/\/www.boccola.es\/en\/?s={search_term_string}\"},\"query-input\":\"required name=search_term_string\"}],\"inLanguage\":\"en-US\"},{\"@type\":\"Organization\",\"@id\":\"https:\/\/www.boccola.es\/en\/#organization\",\"name\":\"Boccola\",\"url\":\"https:\/\/www.boccola.es\/en\/\",\"logo\":{\"@type\":\"ImageObject\",\"inLanguage\":\"en-US\",\"@id\":\"https:\/\/www.boccola.es\/en\/#\/schema\/logo\/image\/\",\"url\":\"https:\/\/www.boccola.es\/wp-content\/uploads\/boccola_transp.png\",\"contentUrl\":\"https:\/\/www.boccola.es\/wp-content\/uploads\/boccola_transp.png\",\"width\":192,\"height\":48,\"caption\":\"Boccola\"},\"image\":{\"@id\":\"https:\/\/www.boccola.es\/en\/#\/schema\/logo\/image\/\"},\"sameAs\":[\"https:\/\/www.facebook.com\/boccoladesign\",\"https:\/\/x.com\/BoccolaDesign\",\"https:\/\/www.instagram.com\/boccoladesign\/\"]}]}<\/script>\n<!-- \/ Yoast SEO plugin. -->","yoast_head_json":{"title":"RED BEANIE | Boccola","description":"Boccola, empresa fabricante de corbatas, pajaritas, gemelos, chalecos, pa\u00f1uelos de moda en Barcelona. Dise\u00f1amos y fabricamos. Modelos personalizados. Ll\u00e1manos.","robots":{"index":"index","follow":"follow","max-snippet":"max-snippet:-1","max-image-preview":"max-image-preview:large","max-video-preview":"max-video-preview:-1"},"canonical":"https:\/\/www.boccola.es\/en\/product\/red-beanie\/","og_locale":"en_US","og_type":"article","og_title":"RED BEANIE | Boccola","og_description":"Boccola, empresa fabricante de corbatas, pajaritas, gemelos, chalecos, pa\u00f1uelos de moda en Barcelona. Dise\u00f1amos y fabricamos. Modelos personalizados. Ll\u00e1manos.","og_url":"https:\/\/www.boccola.es\/en\/product\/red-beanie\/","og_site_name":"Boccola","article_publisher":"https:\/\/www.facebook.com\/boccoladesign","og_image":[{"width":1675,"height":1716,"url":"https:\/\/www.boccola.es\/wp-content\/uploads\/producte-36.jpg","type":"image\/jpeg"}],"twitter_card":"summary_large_image","twitter_site":"@BoccolaDesign","schema":{"@context":"https:\/\/schema.org","@graph":[{"@type":["WebPage","ItemPage"],"@id":"https:\/\/www.boccola.es\/en\/product\/red-beanie\/","url":"https:\/\/www.boccola.es\/en\/product\/red-beanie\/","name":"RED BEANIE | Boccola","isPartOf":{"@id":"https:\/\/www.boccola.es\/en\/#website"},"primaryImageOfPage":{"@id":"https:\/\/www.boccola.es\/en\/product\/red-beanie\/#primaryimage"},"image":{"@id":"https:\/\/www.boccola.es\/en\/product\/red-beanie\/#primaryimage"},"thumbnailUrl":"https:\/\/www.boccola.es\/wp-content\/uploads\/producte-36.jpg","datePublished":"2023-06-02T13:07:48+00:00","dateModified":"2023-06-02T13:07:48+00:00","description":"Boccola, empresa fabricante de corbatas, pajaritas, gemelos, chalecos, pa\u00f1uelos de moda en Barcelona. Dise\u00f1amos y fabricamos. Modelos personalizados. Ll\u00e1manos.","breadcrumb":{"@id":"https:\/\/www.boccola.es\/en\/product\/red-beanie\/#breadcrumb"},"inLanguage":"en-US","potentialAction":[{"@type":"ReadAction","target":["https:\/\/www.boccola.es\/en\/product\/red-beanie\/"]}]},{"@type":"ImageObject","inLanguage":"en-US","@id":"https:\/\/www.boccola.es\/en\/product\/red-beanie\/#primaryimage","url":"https:\/\/www.boccola.es\/wp-content\/uploads\/producte-36.jpg","contentUrl":"https:\/\/www.boccola.es\/wp-content\/uploads\/producte-36.jpg","width":1675,"height":1716},{"@type":"BreadcrumbList","@id":"https:\/\/www.boccola.es\/en\/product\/red-beanie\/#breadcrumb","itemListElement":[{"@type":"ListItem","position":1,"name":"Home","item":"https:\/\/www.boccola.es\/en\/"},{"@type":"ListItem","position":2,"name":"Products","item":"https:\/\/www.boccola.es\/tienda\/"},{"@type":"ListItem","position":3,"name":"RED BEANIE"}]},{"@type":"WebSite","@id":"https:\/\/www.boccola.es\/en\/#website","url":"https:\/\/www.boccola.es\/en\/","name":"Boccola","description":"Fabricaci\u00f3n y dise\u00f1o de corbatas y pajaritas","publisher":{"@id":"https:\/\/www.boccola.es\/en\/#organization"},"potentialAction":[{"@type":"SearchAction","target":{"@type":"EntryPoint","urlTemplate":"https:\/\/www.boccola.es\/en\/?s={search_term_string}"},"query-input":"required name=search_term_string"}],"inLanguage":"en-US"},{"@type":"Organization","@id":"https:\/\/www.boccola.es\/en\/#organization","name":"Boccola","url":"https:\/\/www.boccola.es\/en\/","logo":{"@type":"ImageObject","inLanguage":"en-US","@id":"https:\/\/www.boccola.es\/en\/#\/schema\/logo\/image\/","url":"https:\/\/www.boccola.es\/wp-content\/uploads\/boccola_transp.png","contentUrl":"https:\/\/www.boccola.es\/wp-content\/uploads\/boccola_transp.png","width":192,"height":48,"caption":"Boccola"},"image":{"@id":"https:\/\/www.boccola.es\/en\/#\/schema\/logo\/image\/"},"sameAs":["https:\/\/www.facebook.com\/boccoladesign","https:\/\/x.com\/BoccolaDesign","https:\/\/www.instagram.com\/boccoladesign\/"]}]}},"jetpack_sharing_enabled":true,"_links":{"self":[{"href":"https:\/\/www.boccola.es\/en\/wp-json\/wp\/v2\/products\/3833"}],"collection":[{"href":"https:\/\/www.boccola.es\/en\/wp-json\/wp\/v2\/products"}],"about":[{"href":"https:\/\/www.boccola.es\/en\/wp-json\/wp\/v2\/types\/product"}],"author":[{"embeddable":true,"href":"https:\/\/www.boccola.es\/en\/wp-json\/wp\/v2\/users\/3"}],"replies":[{"embeddable":true,"href":"https:\/\/www.boccola.es\/en\/wp-json\/wp\/v2\/comments?post=3833"}],"wp:featuredmedia":[{"embeddable":true,"href":"https:\/\/www.boccola.es\/en\/wp-json\/wp\/v2\/media\/3180"}],"wp:attachment":[{"href":"https:\/\/www.boccola.es\/en\/wp-json\/wp\/v2\/media?parent=3833"}],"wp:term":[{"taxonomy":"product_cat","embeddable":true,"href":"https:\/\/www.boccola.es\/en\/wp-json\/wp\/v2\/product_cat?post=3833"},{"taxonomy":"product_tag","embeddable":true,"href":"https:\/\/www.boccola.es\/en\/wp-json\/wp\/v2\/product_tag?post=3833"}],"curies":[{"name":"wp","href":"https:\/\/api.w.org\/{rel}","templated":true}]}}