{"id":3822,"date":"2023-08-31T10:51:03","date_gmt":"2023-08-31T08:51:03","guid":{"rendered":"https:\/\/www.boccola.es\/product\/100-solid-polyester-tie\/"},"modified":"2023-08-31T10:51:03","modified_gmt":"2023-08-31T08:51:03","slug":"100-solid-polyester-tie-2","status":"publish","type":"product","link":"https:\/\/www.boccola.es\/en\/product\/100-solid-polyester-tie-2\/","title":{"rendered":"100% SOLID POLYESTER TIE"},"content":{"rendered":"","protected":false},"excerpt":{"rendered":"<p>100% solid polyester tie<br \/>\nWinter season 2023.<br \/>\nMade in Spain.<\/p>\n","protected":false},"author":6,"featured_media":3719,"comment_status":"open","ping_status":"closed","template":"","meta":{"_monsterinsights_skip_tracking":false,"_monsterinsights_sitenote_active":false,"_monsterinsights_sitenote_note":"","_monsterinsights_sitenote_category":0},"product_cat":[165,166,147,152],"product_tag":[],"yoast_head":"<!-- This site is optimized with the Yoast SEO plugin v22.8 - https:\/\/yoast.com\/wordpress\/plugins\/seo\/ -->\n<title>100% SOLID POLYESTER TIE | Boccola<\/title>\n<meta name=\"description\" content=\"Boccola, empresa fabricante de corbatas, pajaritas, gemelos, chalecos, pa\u00f1uelos de moda en Barcelona. Dise\u00f1amos y fabricamos. Modelos personalizados. Ll\u00e1manos.\" \/>\n<meta name=\"robots\" content=\"index, follow, max-snippet:-1, max-image-preview:large, max-video-preview:-1\" \/>\n<link rel=\"canonical\" href=\"https:\/\/www.boccola.es\/en\/product\/100-solid-polyester-tie-2\/\" \/>\n<meta property=\"og:locale\" content=\"en_US\" \/>\n<meta property=\"og:type\" content=\"article\" \/>\n<meta property=\"og:title\" content=\"100% SOLID POLYESTER TIE | Boccola\" \/>\n<meta property=\"og:description\" content=\"Boccola, empresa fabricante de corbatas, pajaritas, gemelos, chalecos, pa\u00f1uelos de moda en Barcelona. Dise\u00f1amos y fabricamos. Modelos personalizados. Ll\u00e1manos.\" \/>\n<meta property=\"og:url\" content=\"https:\/\/www.boccola.es\/en\/product\/100-solid-polyester-tie-2\/\" \/>\n<meta property=\"og:site_name\" content=\"Boccola\" \/>\n<meta property=\"article:publisher\" content=\"https:\/\/www.facebook.com\/boccoladesign\" \/>\n<meta property=\"og:image\" content=\"https:\/\/www.boccola.es\/wp-content\/uploads\/81e5w-2nhwL._AC_SX569._SX._UX._SY._UY_.jpg\" \/>\n\t<meta property=\"og:image:width\" content=\"569\" \/>\n\t<meta property=\"og:image:height\" content=\"582\" \/>\n\t<meta property=\"og:image:type\" content=\"image\/jpeg\" \/>\n<meta name=\"twitter:card\" content=\"summary_large_image\" \/>\n<meta name=\"twitter:site\" content=\"@BoccolaDesign\" \/>\n<script type=\"application\/ld+json\" class=\"yoast-schema-graph\">{\"@context\":\"https:\/\/schema.org\",\"@graph\":[{\"@type\":[\"WebPage\",\"ItemPage\"],\"@id\":\"https:\/\/www.boccola.es\/en\/product\/100-solid-polyester-tie-2\/\",\"url\":\"https:\/\/www.boccola.es\/en\/product\/100-solid-polyester-tie-2\/\",\"name\":\"100% SOLID POLYESTER TIE | Boccola\",\"isPartOf\":{\"@id\":\"https:\/\/www.boccola.es\/en\/#website\"},\"primaryImageOfPage\":{\"@id\":\"https:\/\/www.boccola.es\/en\/product\/100-solid-polyester-tie-2\/#primaryimage\"},\"image\":{\"@id\":\"https:\/\/www.boccola.es\/en\/product\/100-solid-polyester-tie-2\/#primaryimage\"},\"thumbnailUrl\":\"https:\/\/www.boccola.es\/wp-content\/uploads\/81e5w-2nhwL._AC_SX569._SX._UX._SY._UY_.jpg\",\"datePublished\":\"2023-08-31T08:51:03+00:00\",\"dateModified\":\"2023-08-31T08:51:03+00:00\",\"description\":\"Boccola, empresa fabricante de corbatas, pajaritas, gemelos, chalecos, pa\u00f1uelos de moda en Barcelona. Dise\u00f1amos y fabricamos. Modelos personalizados. Ll\u00e1manos.\",\"breadcrumb\":{\"@id\":\"https:\/\/www.boccola.es\/en\/product\/100-solid-polyester-tie-2\/#breadcrumb\"},\"inLanguage\":\"en-US\",\"potentialAction\":[{\"@type\":\"ReadAction\",\"target\":[\"https:\/\/www.boccola.es\/en\/product\/100-solid-polyester-tie-2\/\"]}]},{\"@type\":\"ImageObject\",\"inLanguage\":\"en-US\",\"@id\":\"https:\/\/www.boccola.es\/en\/product\/100-solid-polyester-tie-2\/#primaryimage\",\"url\":\"https:\/\/www.boccola.es\/wp-content\/uploads\/81e5w-2nhwL._AC_SX569._SX._UX._SY._UY_.jpg\",\"contentUrl\":\"https:\/\/www.boccola.es\/wp-content\/uploads\/81e5w-2nhwL._AC_SX569._SX._UX._SY._UY_.jpg\",\"width\":569,\"height\":582},{\"@type\":\"BreadcrumbList\",\"@id\":\"https:\/\/www.boccola.es\/en\/product\/100-solid-polyester-tie-2\/#breadcrumb\",\"itemListElement\":[{\"@type\":\"ListItem\",\"position\":1,\"name\":\"Home\",\"item\":\"https:\/\/www.boccola.es\/en\/\"},{\"@type\":\"ListItem\",\"position\":2,\"name\":\"Products\",\"item\":\"https:\/\/www.boccola.es\/tienda\/\"},{\"@type\":\"ListItem\",\"position\":3,\"name\":\"100% SOLID POLYESTER TIE\"}]},{\"@type\":\"WebSite\",\"@id\":\"https:\/\/www.boccola.es\/en\/#website\",\"url\":\"https:\/\/www.boccola.es\/en\/\",\"name\":\"Boccola\",\"description\":\"Fabricaci\u00f3n y dise\u00f1o de corbatas y pajaritas\",\"publisher\":{\"@id\":\"https:\/\/www.boccola.es\/en\/#organization\"},\"potentialAction\":[{\"@type\":\"SearchAction\",\"target\":{\"@type\":\"EntryPoint\",\"urlTemplate\":\"https:\/\/www.boccola.es\/en\/?s={search_term_string}\"},\"query-input\":\"required name=search_term_string\"}],\"inLanguage\":\"en-US\"},{\"@type\":\"Organization\",\"@id\":\"https:\/\/www.boccola.es\/en\/#organization\",\"name\":\"Boccola\",\"url\":\"https:\/\/www.boccola.es\/en\/\",\"logo\":{\"@type\":\"ImageObject\",\"inLanguage\":\"en-US\",\"@id\":\"https:\/\/www.boccola.es\/en\/#\/schema\/logo\/image\/\",\"url\":\"https:\/\/www.boccola.es\/wp-content\/uploads\/boccola_transp.png\",\"contentUrl\":\"https:\/\/www.boccola.es\/wp-content\/uploads\/boccola_transp.png\",\"width\":192,\"height\":48,\"caption\":\"Boccola\"},\"image\":{\"@id\":\"https:\/\/www.boccola.es\/en\/#\/schema\/logo\/image\/\"},\"sameAs\":[\"https:\/\/www.facebook.com\/boccoladesign\",\"https:\/\/x.com\/BoccolaDesign\",\"https:\/\/www.instagram.com\/boccoladesign\/\"]}]}<\/script>\n<!-- \/ Yoast SEO plugin. -->","yoast_head_json":{"title":"100% SOLID POLYESTER TIE | Boccola","description":"Boccola, empresa fabricante de corbatas, pajaritas, gemelos, chalecos, pa\u00f1uelos de moda en Barcelona. Dise\u00f1amos y fabricamos. Modelos personalizados. Ll\u00e1manos.","robots":{"index":"index","follow":"follow","max-snippet":"max-snippet:-1","max-image-preview":"max-image-preview:large","max-video-preview":"max-video-preview:-1"},"canonical":"https:\/\/www.boccola.es\/en\/product\/100-solid-polyester-tie-2\/","og_locale":"en_US","og_type":"article","og_title":"100% SOLID POLYESTER TIE | Boccola","og_description":"Boccola, empresa fabricante de corbatas, pajaritas, gemelos, chalecos, pa\u00f1uelos de moda en Barcelona. Dise\u00f1amos y fabricamos. Modelos personalizados. Ll\u00e1manos.","og_url":"https:\/\/www.boccola.es\/en\/product\/100-solid-polyester-tie-2\/","og_site_name":"Boccola","article_publisher":"https:\/\/www.facebook.com\/boccoladesign","og_image":[{"width":569,"height":582,"url":"https:\/\/www.boccola.es\/wp-content\/uploads\/81e5w-2nhwL._AC_SX569._SX._UX._SY._UY_.jpg","type":"image\/jpeg"}],"twitter_card":"summary_large_image","twitter_site":"@BoccolaDesign","schema":{"@context":"https:\/\/schema.org","@graph":[{"@type":["WebPage","ItemPage"],"@id":"https:\/\/www.boccola.es\/en\/product\/100-solid-polyester-tie-2\/","url":"https:\/\/www.boccola.es\/en\/product\/100-solid-polyester-tie-2\/","name":"100% SOLID POLYESTER TIE | Boccola","isPartOf":{"@id":"https:\/\/www.boccola.es\/en\/#website"},"primaryImageOfPage":{"@id":"https:\/\/www.boccola.es\/en\/product\/100-solid-polyester-tie-2\/#primaryimage"},"image":{"@id":"https:\/\/www.boccola.es\/en\/product\/100-solid-polyester-tie-2\/#primaryimage"},"thumbnailUrl":"https:\/\/www.boccola.es\/wp-content\/uploads\/81e5w-2nhwL._AC_SX569._SX._UX._SY._UY_.jpg","datePublished":"2023-08-31T08:51:03+00:00","dateModified":"2023-08-31T08:51:03+00:00","description":"Boccola, empresa fabricante de corbatas, pajaritas, gemelos, chalecos, pa\u00f1uelos de moda en Barcelona. Dise\u00f1amos y fabricamos. Modelos personalizados. Ll\u00e1manos.","breadcrumb":{"@id":"https:\/\/www.boccola.es\/en\/product\/100-solid-polyester-tie-2\/#breadcrumb"},"inLanguage":"en-US","potentialAction":[{"@type":"ReadAction","target":["https:\/\/www.boccola.es\/en\/product\/100-solid-polyester-tie-2\/"]}]},{"@type":"ImageObject","inLanguage":"en-US","@id":"https:\/\/www.boccola.es\/en\/product\/100-solid-polyester-tie-2\/#primaryimage","url":"https:\/\/www.boccola.es\/wp-content\/uploads\/81e5w-2nhwL._AC_SX569._SX._UX._SY._UY_.jpg","contentUrl":"https:\/\/www.boccola.es\/wp-content\/uploads\/81e5w-2nhwL._AC_SX569._SX._UX._SY._UY_.jpg","width":569,"height":582},{"@type":"BreadcrumbList","@id":"https:\/\/www.boccola.es\/en\/product\/100-solid-polyester-tie-2\/#breadcrumb","itemListElement":[{"@type":"ListItem","position":1,"name":"Home","item":"https:\/\/www.boccola.es\/en\/"},{"@type":"ListItem","position":2,"name":"Products","item":"https:\/\/www.boccola.es\/tienda\/"},{"@type":"ListItem","position":3,"name":"100% SOLID POLYESTER TIE"}]},{"@type":"WebSite","@id":"https:\/\/www.boccola.es\/en\/#website","url":"https:\/\/www.boccola.es\/en\/","name":"Boccola","description":"Fabricaci\u00f3n y dise\u00f1o de corbatas y pajaritas","publisher":{"@id":"https:\/\/www.boccola.es\/en\/#organization"},"potentialAction":[{"@type":"SearchAction","target":{"@type":"EntryPoint","urlTemplate":"https:\/\/www.boccola.es\/en\/?s={search_term_string}"},"query-input":"required name=search_term_string"}],"inLanguage":"en-US"},{"@type":"Organization","@id":"https:\/\/www.boccola.es\/en\/#organization","name":"Boccola","url":"https:\/\/www.boccola.es\/en\/","logo":{"@type":"ImageObject","inLanguage":"en-US","@id":"https:\/\/www.boccola.es\/en\/#\/schema\/logo\/image\/","url":"https:\/\/www.boccola.es\/wp-content\/uploads\/boccola_transp.png","contentUrl":"https:\/\/www.boccola.es\/wp-content\/uploads\/boccola_transp.png","width":192,"height":48,"caption":"Boccola"},"image":{"@id":"https:\/\/www.boccola.es\/en\/#\/schema\/logo\/image\/"},"sameAs":["https:\/\/www.facebook.com\/boccoladesign","https:\/\/x.com\/BoccolaDesign","https:\/\/www.instagram.com\/boccoladesign\/"]}]}},"jetpack_sharing_enabled":true,"_links":{"self":[{"href":"https:\/\/www.boccola.es\/en\/wp-json\/wp\/v2\/products\/3822"}],"collection":[{"href":"https:\/\/www.boccola.es\/en\/wp-json\/wp\/v2\/products"}],"about":[{"href":"https:\/\/www.boccola.es\/en\/wp-json\/wp\/v2\/types\/product"}],"author":[{"embeddable":true,"href":"https:\/\/www.boccola.es\/en\/wp-json\/wp\/v2\/users\/6"}],"replies":[{"embeddable":true,"href":"https:\/\/www.boccola.es\/en\/wp-json\/wp\/v2\/comments?post=3822"}],"wp:featuredmedia":[{"embeddable":true,"href":"https:\/\/www.boccola.es\/en\/wp-json\/wp\/v2\/media\/3719"}],"wp:attachment":[{"href":"https:\/\/www.boccola.es\/en\/wp-json\/wp\/v2\/media?parent=3822"}],"wp:term":[{"taxonomy":"product_cat","embeddable":true,"href":"https:\/\/www.boccola.es\/en\/wp-json\/wp\/v2\/product_cat?post=3822"},{"taxonomy":"product_tag","embeddable":true,"href":"https:\/\/www.boccola.es\/en\/wp-json\/wp\/v2\/product_tag?post=3822"}],"curies":[{"name":"wp","href":"https:\/\/api.w.org\/{rel}","templated":true}]}}