{"id":66,"date":"2022-11-29T10:44:29","date_gmt":"2022-11-29T10:44:29","guid":{"rendered":"https:\/\/www.boccola.es\/?page_id=66"},"modified":"2024-11-18T16:55:57","modified_gmt":"2024-11-18T15:55:57","slug":"myaccount","status":"publish","type":"page","link":"https:\/\/www.boccola.es\/en\/myaccount\/","title":{"rendered":"My Account"},"content":{"rendered":"<h1>Forgot your password?<\/h1>\n<h1>Forgot your password?<\/h1>\n<h1>Reset your password.<\/h1>\n<h1>My Account<\/h1>\n<p><!--more--><br \/>\n<!-- {\"type\":\"layout\",\"children\":[{\"type\":\"section\",\"props\":{\"height\":\"expand\",\"image_position\":\"center-center\",\"style\":\"default\",\"title_breakpoint\":\"xl\",\"title_position\":\"top-left\",\"title_rotation\":\"left\",\"vertical_align\":\"middle\",\"width\":\"default\"},\"children\":[{\"type\":\"row\",\"children\":[{\"type\":\"column\",\"props\":{\"image_position\":\"center-center\",\"media_overlay_gradient\":\"\",\"position_sticky_breakpoint\":\"m\"},\"children\":[{\"type\":\"woo_pages\",\"props\":{\"page\":\"my_account\"}}]}]}],\"name\":\"Login\",\"source\":{\"query\":{\"name\":\"site\"},\"props\":{\"_condition\":{\"filters\":{\"condition\":\"!!\"},\"name\":\"woocommerce.login\"}}}},{\"type\":\"section\",\"props\":{\"height\":\"expand\",\"image_position\":\"center-center\",\"style\":\"default\",\"title_breakpoint\":\"xl\",\"title_position\":\"top-left\",\"title_rotation\":\"left\",\"vertical_align\":\"middle\",\"width\":\"small\"},\"children\":[{\"type\":\"row\",\"children\":[{\"type\":\"column\",\"props\":{\"image_position\":\"center-center\",\"media_overlay_gradient\":\"\",\"position_sticky_breakpoint\":\"m\"},\"children\":[{\"type\":\"headline\",\"props\":{\"block_align\":\"center\",\"content\":\"Forgot your password?\",\"margin_remove_top\":true,\"maxwidth\":\"large\",\"title_element\":\"h1\",\"title_style\":\"h2\"}},{\"type\":\"woo_pages\",\"props\":{\"block_align\":\"center\",\"maxwidth\":\"large\",\"page\":\"my_account\"}}]}]}],\"name\":\"Lost Password\",\"source\":{\"query\":{\"name\":\"site\"},\"props\":{\"_condition\":{\"filters\":{\"condition\":\"!!\"},\"name\":\"woocommerce.lost_password\"}}}},{\"type\":\"section\",\"props\":{\"height\":\"expand\",\"image_position\":\"center-center\",\"style\":\"default\",\"title_breakpoint\":\"xl\",\"title_position\":\"top-left\",\"title_rotation\":\"left\",\"vertical_align\":\"middle\",\"width\":\"small\"},\"children\":[{\"type\":\"row\",\"children\":[{\"type\":\"column\",\"props\":{\"image_position\":\"center-center\",\"media_overlay_gradient\":\"\",\"position_sticky_breakpoint\":\"m\"},\"children\":[{\"type\":\"headline\",\"props\":{\"block_align\":\"center\",\"content\":\"Forgot your password?\",\"margin_remove_top\":true,\"maxwidth\":\"large\",\"title_element\":\"h1\",\"title_style\":\"h2\"}},{\"type\":\"woo_pages\",\"props\":{\"block_align\":\"center\",\"maxwidth\":\"large\",\"page\":\"my_account\"}}]}]}],\"name\":\"Reset Link Sent\",\"source\":{\"query\":{\"name\":\"site\"},\"props\":{\"_condition\":{\"filters\":{\"condition\":\"!!\"},\"name\":\"woocommerce.reset_link_sent\"}}}},{\"type\":\"section\",\"props\":{\"height\":\"expand\",\"image_position\":\"center-center\",\"style\":\"default\",\"title_breakpoint\":\"xl\",\"title_position\":\"top-left\",\"title_rotation\":\"left\",\"vertical_align\":\"middle\",\"width\":\"small\"},\"children\":[{\"type\":\"row\",\"children\":[{\"type\":\"column\",\"props\":{\"image_position\":\"center-center\",\"media_overlay_gradient\":\"\",\"position_sticky_breakpoint\":\"m\"},\"children\":[{\"type\":\"headline\",\"props\":{\"block_align\":\"center\",\"content\":\"Reset your password.\",\"margin_remove_top\":true,\"maxwidth\":\"large\",\"title_element\":\"h1\",\"title_style\":\"h2\"}},{\"type\":\"woo_pages\",\"props\":{\"block_align\":\"center\",\"maxwidth\":\"large\",\"page\":\"my_account\"}}]}]}],\"name\":\"Lost Password Confirmation\",\"source\":{\"query\":{\"name\":\"site\"},\"props\":{\"_condition\":{\"filters\":{\"condition\":\"!!\"},\"name\":\"woocommerce.lost_password_confirmation\"}}}},{\"type\":\"section\",\"props\":{\"height\":\"expand\",\"image_position\":\"center-center\",\"style\":\"default\",\"title_breakpoint\":\"xl\",\"title_position\":\"top-left\",\"title_rotation\":\"left\",\"vertical_align\":\"middle\",\"width\":\"default\"},\"children\":[{\"type\":\"row\",\"children\":[{\"type\":\"column\",\"props\":{\"image_position\":\"center-center\",\"media_overlay_gradient\":\"\",\"position_sticky_breakpoint\":\"m\"},\"children\":[{\"type\":\"breadcrumbs\",\"props\":{\"margin\":\"default\",\"show_current\":true,\"show_home\":true}},{\"type\":\"headline\",\"props\":{\"content\":\"My Account\",\"margin\":\"medium\",\"margin_remove_top\":true,\"title_element\":\"h1\"}},{\"type\":\"woo_pages\",\"props\":{\"page\":\"my_account\"}}]}]},{\"type\":\"row\",\"children\":[{\"type\":\"column\",\"props\":{\"image_position\":\"center-center\",\"media_overlay_gradient\":\"\",\"position_sticky_breakpoint\":\"m\"},\"children\":[]}]}],\"name\":\"My Account\",\"source\":{\"query\":{\"name\":\"site\"},\"props\":{\"_condition\":{\"filters\":{\"condition\":\"!!\"},\"name\":\"woocommerce.my_account\"}}}}],\"version\":\"3.0.26\",\"yooessentialsVersion\":\"1.9.8\"} --><\/p>\n","protected":false},"excerpt":{"rendered":"<p>Forgot your password? Forgot your password? Reset your password. My Account<\/p>\n","protected":false},"author":1,"featured_media":0,"parent":0,"menu_order":0,"comment_status":"closed","ping_status":"closed","template":"","meta":{"_monsterinsights_skip_tracking":false,"_monsterinsights_sitenote_active":false,"_monsterinsights_sitenote_note":"","_monsterinsights_sitenote_category":0,"footnotes":""},"yoast_head":"<!-- This site is optimized with the Yoast SEO plugin v22.8 - https:\/\/yoast.com\/wordpress\/plugins\/seo\/ -->\n<title>My Account | Boccola<\/title>\n<meta name=\"description\" content=\"Boccola, empresa fabricante de corbatas, pajaritas, gemelos, chalecos, pa\u00f1uelos de moda en Barcelona. Dise\u00f1amos y fabricamos. Modelos personalizados. Ll\u00e1manos.\" \/>\n<meta name=\"robots\" content=\"index, follow, max-snippet:-1, max-image-preview:large, max-video-preview:-1\" \/>\n<link rel=\"canonical\" href=\"https:\/\/www.boccola.es\/en\/myaccount\/\" \/>\n<meta property=\"og:locale\" content=\"en_US\" \/>\n<meta property=\"og:type\" content=\"article\" \/>\n<meta property=\"og:title\" content=\"My Account | Boccola\" \/>\n<meta property=\"og:description\" content=\"Boccola, empresa fabricante de corbatas, pajaritas, gemelos, chalecos, pa\u00f1uelos de moda en Barcelona. Dise\u00f1amos y fabricamos. Modelos personalizados. Ll\u00e1manos.\" \/>\n<meta property=\"og:url\" content=\"https:\/\/www.boccola.es\/en\/myaccount\/\" \/>\n<meta property=\"og:site_name\" content=\"Boccola\" \/>\n<meta property=\"article:publisher\" content=\"https:\/\/www.facebook.com\/boccoladesign\" \/>\n<meta property=\"article:modified_time\" content=\"2024-11-18T15:55:57+00:00\" \/>\n<meta property=\"og:image\" content=\"https:\/\/www.boccola.es\/wp-content\/uploads\/ab62d173acf165d6976ac458f462dcbd8f28cb1a-1.jpeg\" \/>\n\t<meta property=\"og:image:width\" content=\"1200\" \/>\n\t<meta property=\"og:image:height\" content=\"800\" \/>\n\t<meta property=\"og:image:type\" content=\"image\/jpeg\" \/>\n<meta name=\"twitter:card\" content=\"summary_large_image\" \/>\n<meta name=\"twitter:site\" content=\"@BoccolaDesign\" \/>\n<script type=\"application\/ld+json\" class=\"yoast-schema-graph\">{\"@context\":\"https:\/\/schema.org\",\"@graph\":[{\"@type\":\"WebPage\",\"@id\":\"https:\/\/www.boccola.es\/en\/myaccount\/\",\"url\":\"https:\/\/www.boccola.es\/en\/myaccount\/\",\"name\":\"My Account | Boccola\",\"isPartOf\":{\"@id\":\"https:\/\/www.boccola.es\/en\/#website\"},\"datePublished\":\"2022-11-29T10:44:29+00:00\",\"dateModified\":\"2024-11-18T15:55:57+00:00\",\"description\":\"Boccola, empresa fabricante de corbatas, pajaritas, gemelos, chalecos, pa\u00f1uelos de moda en Barcelona. Dise\u00f1amos y fabricamos. Modelos personalizados. Ll\u00e1manos.\",\"breadcrumb\":{\"@id\":\"https:\/\/www.boccola.es\/en\/myaccount\/#breadcrumb\"},\"inLanguage\":\"en-US\",\"potentialAction\":[{\"@type\":\"ReadAction\",\"target\":[\"https:\/\/www.boccola.es\/en\/myaccount\/\"]}]},{\"@type\":\"BreadcrumbList\",\"@id\":\"https:\/\/www.boccola.es\/en\/myaccount\/#breadcrumb\",\"itemListElement\":[{\"@type\":\"ListItem\",\"position\":1,\"name\":\"Home\",\"item\":\"https:\/\/www.boccola.es\/en\/\"},{\"@type\":\"ListItem\",\"position\":2,\"name\":\"My Account\"}]},{\"@type\":\"WebSite\",\"@id\":\"https:\/\/www.boccola.es\/en\/#website\",\"url\":\"https:\/\/www.boccola.es\/en\/\",\"name\":\"Boccola\",\"description\":\"Fabricaci\u00f3n y dise\u00f1o de corbatas y pajaritas\",\"publisher\":{\"@id\":\"https:\/\/www.boccola.es\/en\/#organization\"},\"potentialAction\":[{\"@type\":\"SearchAction\",\"target\":{\"@type\":\"EntryPoint\",\"urlTemplate\":\"https:\/\/www.boccola.es\/en\/?s={search_term_string}\"},\"query-input\":\"required name=search_term_string\"}],\"inLanguage\":\"en-US\"},{\"@type\":\"Organization\",\"@id\":\"https:\/\/www.boccola.es\/en\/#organization\",\"name\":\"Boccola\",\"url\":\"https:\/\/www.boccola.es\/en\/\",\"logo\":{\"@type\":\"ImageObject\",\"inLanguage\":\"en-US\",\"@id\":\"https:\/\/www.boccola.es\/en\/#\/schema\/logo\/image\/\",\"url\":\"https:\/\/www.boccola.es\/wp-content\/uploads\/boccola_transp.png\",\"contentUrl\":\"https:\/\/www.boccola.es\/wp-content\/uploads\/boccola_transp.png\",\"width\":192,\"height\":48,\"caption\":\"Boccola\"},\"image\":{\"@id\":\"https:\/\/www.boccola.es\/en\/#\/schema\/logo\/image\/\"},\"sameAs\":[\"https:\/\/www.facebook.com\/boccoladesign\",\"https:\/\/x.com\/BoccolaDesign\",\"https:\/\/www.instagram.com\/boccoladesign\/\"]}]}<\/script>\n<!-- \/ Yoast SEO plugin. -->","yoast_head_json":{"title":"My Account | Boccola","description":"Boccola, empresa fabricante de corbatas, pajaritas, gemelos, chalecos, pa\u00f1uelos de moda en Barcelona. Dise\u00f1amos y fabricamos. Modelos personalizados. Ll\u00e1manos.","robots":{"index":"index","follow":"follow","max-snippet":"max-snippet:-1","max-image-preview":"max-image-preview:large","max-video-preview":"max-video-preview:-1"},"canonical":"https:\/\/www.boccola.es\/en\/myaccount\/","og_locale":"en_US","og_type":"article","og_title":"My Account | Boccola","og_description":"Boccola, empresa fabricante de corbatas, pajaritas, gemelos, chalecos, pa\u00f1uelos de moda en Barcelona. Dise\u00f1amos y fabricamos. Modelos personalizados. Ll\u00e1manos.","og_url":"https:\/\/www.boccola.es\/en\/myaccount\/","og_site_name":"Boccola","article_publisher":"https:\/\/www.facebook.com\/boccoladesign","article_modified_time":"2024-11-18T15:55:57+00:00","og_image":[{"width":1200,"height":800,"url":"https:\/\/www.boccola.es\/wp-content\/uploads\/ab62d173acf165d6976ac458f462dcbd8f28cb1a-1.jpeg","type":"image\/jpeg"}],"twitter_card":"summary_large_image","twitter_site":"@BoccolaDesign","schema":{"@context":"https:\/\/schema.org","@graph":[{"@type":"WebPage","@id":"https:\/\/www.boccola.es\/en\/myaccount\/","url":"https:\/\/www.boccola.es\/en\/myaccount\/","name":"My Account | Boccola","isPartOf":{"@id":"https:\/\/www.boccola.es\/en\/#website"},"datePublished":"2022-11-29T10:44:29+00:00","dateModified":"2024-11-18T15:55:57+00:00","description":"Boccola, empresa fabricante de corbatas, pajaritas, gemelos, chalecos, pa\u00f1uelos de moda en Barcelona. Dise\u00f1amos y fabricamos. Modelos personalizados. Ll\u00e1manos.","breadcrumb":{"@id":"https:\/\/www.boccola.es\/en\/myaccount\/#breadcrumb"},"inLanguage":"en-US","potentialAction":[{"@type":"ReadAction","target":["https:\/\/www.boccola.es\/en\/myaccount\/"]}]},{"@type":"BreadcrumbList","@id":"https:\/\/www.boccola.es\/en\/myaccount\/#breadcrumb","itemListElement":[{"@type":"ListItem","position":1,"name":"Home","item":"https:\/\/www.boccola.es\/en\/"},{"@type":"ListItem","position":2,"name":"My Account"}]},{"@type":"WebSite","@id":"https:\/\/www.boccola.es\/en\/#website","url":"https:\/\/www.boccola.es\/en\/","name":"Boccola","description":"Fabricaci\u00f3n y dise\u00f1o de corbatas y pajaritas","publisher":{"@id":"https:\/\/www.boccola.es\/en\/#organization"},"potentialAction":[{"@type":"SearchAction","target":{"@type":"EntryPoint","urlTemplate":"https:\/\/www.boccola.es\/en\/?s={search_term_string}"},"query-input":"required name=search_term_string"}],"inLanguage":"en-US"},{"@type":"Organization","@id":"https:\/\/www.boccola.es\/en\/#organization","name":"Boccola","url":"https:\/\/www.boccola.es\/en\/","logo":{"@type":"ImageObject","inLanguage":"en-US","@id":"https:\/\/www.boccola.es\/en\/#\/schema\/logo\/image\/","url":"https:\/\/www.boccola.es\/wp-content\/uploads\/boccola_transp.png","contentUrl":"https:\/\/www.boccola.es\/wp-content\/uploads\/boccola_transp.png","width":192,"height":48,"caption":"Boccola"},"image":{"@id":"https:\/\/www.boccola.es\/en\/#\/schema\/logo\/image\/"},"sameAs":["https:\/\/www.facebook.com\/boccoladesign","https:\/\/x.com\/BoccolaDesign","https:\/\/www.instagram.com\/boccoladesign\/"]}]}},"jetpack_sharing_enabled":true,"_links":{"self":[{"href":"https:\/\/www.boccola.es\/en\/wp-json\/wp\/v2\/pages\/66"}],"collection":[{"href":"https:\/\/www.boccola.es\/en\/wp-json\/wp\/v2\/pages"}],"about":[{"href":"https:\/\/www.boccola.es\/en\/wp-json\/wp\/v2\/types\/page"}],"author":[{"embeddable":true,"href":"https:\/\/www.boccola.es\/en\/wp-json\/wp\/v2\/users\/1"}],"replies":[{"embeddable":true,"href":"https:\/\/www.boccola.es\/en\/wp-json\/wp\/v2\/comments?post=66"}],"version-history":[{"count":3,"href":"https:\/\/www.boccola.es\/en\/wp-json\/wp\/v2\/pages\/66\/revisions"}],"predecessor-version":[{"id":1652,"href":"https:\/\/www.boccola.es\/en\/wp-json\/wp\/v2\/pages\/66\/revisions\/1652"}],"wp:attachment":[{"href":"https:\/\/www.boccola.es\/en\/wp-json\/wp\/v2\/media?parent=66"}],"curies":[{"name":"wp","href":"https:\/\/api.w.org\/{rel}","templated":true}]}}