{"id":3810,"date":"2023-05-26T09:54:16","date_gmt":"2023-05-26T07:54:16","guid":{"rendered":"https:\/\/www.boccola.es\/contacto\/"},"modified":"2024-05-03T14:18:53","modified_gmt":"2024-05-03T12:18:53","slug":"contacto","status":"publish","type":"page","link":"https:\/\/www.boccola.es\/en\/contacto\/","title":{"rendered":"Contact"},"content":{"rendered":"<h1>CONTACT<\/h1>\n<ul>\n<li>\n<p>        <img decoding=\"async\" src=\"\/wp-content\/uploads\/Boccola-Imatge_HORARIO-1.svg\" alt=\"\"><\/p>\n<h2>HOURS OF OPERATION<\/h2>\n<div>\n<p>Customer Service:<\/p>\n<p>Monday to Thursday: <br \/>9AM &#8211; 5PM.<\/p>\n<p>Friday: <br \/>9AM &#8211; 3PM.<\/p>\n<\/div>\n<\/li>\n<li>\n<p>        <img decoding=\"async\" src=\"\/wp-content\/uploads\/Boccola-Imatge_HORARIO-copia-3.svg\" alt=\"\"><\/p>\n<h2>NATIONAL SHIPPING<\/h2>\n<div>\n<p>We deliver all our orders within a maximum of 48 hours and with a minimum order requirement. We collaborate with the transport company Tipsa, which handles shipping throughout the national territory.<\/p>\n<\/div>\n<\/li>\n<li>\n<p>        <img decoding=\"async\" src=\"\/wp-content\/uploads\/Boccola-Imatge_HORARIO-copia-2-1.svg\" alt=\"\"><\/p>\n<h2>LOCATION<\/h2>\n<div>\n<p>Our facilities are located in the municipality of Sant Cugat del Vall\u00e9s, Barcelona. There, we have our own workshops where we create our exclusive designs.<\/p>\n<\/div>\n<\/li>\n<\/ul>\n<div>Contact Boccola<\/div>\n<div>\n<p>If you need more information about us and the products we design, please contact our wholesale tie company in Barcelona. You can call us, send an email, or fill out the following form, and we will be happy to assist you and answer all your questions.<\/p>\n<\/div>\n<div>\n\n<div class=\"wpcf7 no-js\" id=\"wpcf7-f3932-o1\" lang=\"es-ES\" dir=\"ltr\">\n<div class=\"screen-reader-response\"><p role=\"status\" aria-live=\"polite\" aria-atomic=\"true\"><\/p> <ul><\/ul><\/div>\n<form action=\"\/en\/wp-json\/wp\/v2\/pages\/3810#wpcf7-f3932-o1\" method=\"post\" class=\"wpcf7-form init\" aria-label=\"Formulario de contacto\" novalidate=\"novalidate\" data-status=\"init\">\n<div style=\"display: none;\">\n<input type=\"hidden\" name=\"_wpcf7\" value=\"3932\" \/>\n<input type=\"hidden\" name=\"_wpcf7_version\" value=\"5.9.5\" \/>\n<input type=\"hidden\" name=\"_wpcf7_locale\" value=\"es_ES\" \/>\n<input type=\"hidden\" name=\"_wpcf7_unit_tag\" value=\"wpcf7-f3932-o1\" \/>\n<input type=\"hidden\" name=\"_wpcf7_container_post\" value=\"0\" \/>\n<input type=\"hidden\" name=\"_wpcf7_posted_data_hash\" value=\"\" \/>\n<\/div>\n<div class=\"uk-grid-medium\" uk-grid>\n   <div class=\"uk-width-1-1 uk-hidden\">\n       <span class=\"wpcf7-form-control-wrap\" data-name=\"formId\"><input size=\"40\" class=\"wpcf7-form-control wpcf7-text\" id=\"idForm\" aria-invalid=\"false\" value=\"contactform\" type=\"text\" name=\"formId\" \/><\/span>\n       <span class=\"wpcf7-form-control-wrap\" data-name=\"language\"><input size=\"40\" class=\"wpcf7-form-control wpcf7-text\" id=\"languageForm\" aria-invalid=\"false\" value=\"en\" type=\"text\" name=\"language\" \/><\/span>\n       [current_url]\n   <\/div>\n   <div class=\"uk-width-1-1\">\n       <label class=\"uk-form-label\" for=\"nameForm\">Name*<\/label><div class=\"uk-margin-small-top\"><span class=\"wpcf7-form-control-wrap\" data-name=\"firstName\"><input size=\"40\" class=\"wpcf7-form-control wpcf7-text wpcf7-validates-as-required uk-input\" id=\"nameForm\" aria-required=\"true\" aria-invalid=\"false\" placeholder=\"Ej: Marcos\" value=\"\" type=\"text\" name=\"firstName\" \/><\/span><\/div>\n   <\/div>\n   <div class=\"uk-width-1-1\">\n       <label class=\"uk-form-label\" for=\"lastNameForm\">Surname*<\/label><div class=\"uk-margin-small-top\"><span class=\"wpcf7-form-control-wrap\" data-name=\"lastName\"><input size=\"40\" class=\"wpcf7-form-control wpcf7-text wpcf7-validates-as-required uk-input\" id=\"lastNameForm\" aria-required=\"true\" aria-invalid=\"false\" placeholder=\"Ej: Garc\u00eda\" value=\"\" type=\"text\" name=\"lastName\" \/><\/span><\/div>\n   <\/div>\n   <div class=\"uk-width-1-1\">\n       <label class=\"uk-form-label\" for=\"emailForm\">Email*<\/label><div class=\"uk-margin-small-top\"><span class=\"wpcf7-form-control-wrap\" data-name=\"email\"><input size=\"40\" class=\"wpcf7-form-control wpcf7-email wpcf7-validates-as-required wpcf7-text wpcf7-validates-as-email uk-input\" id=\"emailForm\" aria-required=\"true\" aria-invalid=\"false\" placeholder=\"Ej: marcos.garcia@example.com\" value=\"\" type=\"email\" name=\"email\" \/><\/span><\/div>\n   <\/div>\n \n\n   <div class=\"uk-width-1-1\">\n       <label class=\"uk-form-label\" for=\"messageForm\">Message*<\/label><div class=\"uk-margin-small-top\"><span class=\"wpcf7-form-control-wrap\" data-name=\"message\"><textarea cols=\"40\" rows=\"10\" class=\"wpcf7-form-control wpcf7-textarea wpcf7-validates-as-required uk-textarea\" id=\"messageForm\" aria-required=\"true\" aria-invalid=\"false\" name=\"message\"><\/textarea><\/span><\/div>\n   <\/div>\n\n   <div class=\"uk-width-1-1\">\n       <span class=\"wpcf7-form-control-wrap\" data-name=\"newsletter\"><span class=\"wpcf7-form-control wpcf7-acceptance optional\"><span class=\"wpcf7-list-item\"><label><input type=\"checkbox\" name=\"newsletter\" value=\"1\" class=\"uk-checkbox\" id=\"newsletterForm\" aria-invalid=\"false\" \/><span class=\"wpcf7-list-item-label\"><span class=\"uk-text-small uk-margin-small-left\">I want to stay up to date with the latest news.<\/span><\/span><\/label><\/span><\/span><\/span>\n       <span class=\"wpcf7-form-control-wrap\" data-name=\"legal\"><span class=\"wpcf7-form-control wpcf7-acceptance\"><span class=\"wpcf7-list-item\"><label><input type=\"checkbox\" name=\"legal\" value=\"1\" class=\"uk-checkbox uk-text-small\" id=\"legalForm\" aria-invalid=\"false\" \/><span class=\"wpcf7-list-item-label\"><span class=\"uk-text-small uk-margin-small-left\">I have read and accepted the legal terms <a href=\"https:\/\/www.boccola.es\/en\/politica-de-privacidad\/\" target=\"_blank\">Privacy Policy<\/a> y <a href=\"https:\/\/www.boccola.es\/en\/cookies-policy\/\" target=\"_blank\">Cookies Statement<\/a>*<\/span><\/span><\/label><\/span><\/span><\/span>\n   <\/div>\n   <div class=\"uk-width-1-1\">\n       <input class=\"wpcf7-form-control wpcf7-submit has-spinner uk-button uk-button-default\" type=\"submit\" value=\"Send\" \/>\n   <\/div>\n<\/div><div class=\"wpcf7-response-output\" aria-hidden=\"true\"><\/div>\n<\/form>\n<\/div>\n<\/div>\n<div>\n<p><span itemprop=\"streetAddress\">Avenida Cerdanyola, 75, 3\u00ba<\/span><br \/><span itemprop=\"addressLocality\">Sant Cugat del Vall\u00e9s<\/span><span>,\u00a0<\/span><span itemprop=\"postalCode\">08172<span>\u00a0<\/span><\/span><span>,\u00a0<\/span><span itemprop=\"addressRegion\">(Barcelona)<\/span><\/p>\n<\/div>\n<div>\n<p class=\"telefono \"><a href=\"http:\/\/93 172 03 29\" data-wplink-url-error=\"true\"><span itemprop=\"telephone\" content=\"931720329-690002368\">93 172 03 29 &#8211; <\/span><\/a><span itemprop=\"telephone\" content=\"931720329-690002368\"><a href=\"http:\/\/690 002 368\" data-wplink-url-error=\"true\">690 002 368<\/a><br \/><a href=\"mailto:info@boccola.es\">info<i class=\"separado-at\"><\/i>@boccola.es<\/a><br \/><\/span><\/p>\n<\/div>\n<div>\n<p>41.474324,2.092393<\/p>\n<\/div>\n<p><!--more--><br \/>\n<!-- {\"type\":\"layout\",\"children\":[{\"type\":\"section\",\"props\":{\"image_position\":\"center-center\",\"padding\":\"large\",\"padding_remove_bottom\":true,\"padding_remove_top\":true,\"style\":\"default\",\"title_breakpoint\":\"xl\",\"title_position\":\"top-left\",\"title_rotation\":\"left\",\"vertical_align\":\"middle\",\"width\":\"\"},\"children\":[{\"type\":\"row\",\"children\":[{\"type\":\"column\",\"props\":{\"image_position\":\"center-center\",\"media_overlay_gradient\":\"\",\"position_sticky_breakpoint\":\"m\"},\"children\":[{\"type\":\"headline\",\"props\":{\"content\":\"CONTACT\",\"css\":\".el-element{\\n    padding: 25px;\\n}\",\"margin\":\"small\",\"margin_remove_bottom\":true,\"text_align\":\"center\",\"title_element\":\"h1\",\"title_style\":\"h1\"}}]}]}]},{\"type\":\"section\",\"props\":{\"image_position\":\"center-center\",\"style\":\"default\",\"title_breakpoint\":\"xl\",\"title_position\":\"top-left\",\"title_rotation\":\"left\",\"vertical_align\":\"middle\",\"width\":\"default\",\"yooessentials_access_conditions\":[],\"yooessentials_access_mode\":\"AND\"},\"children\":[{\"type\":\"row\",\"children\":[{\"type\":\"column\",\"props\":{\"image_position\":\"center-center\",\"media_overlay_gradient\":\"\",\"position_sticky_breakpoint\":\"m\"},\"children\":[{\"type\":\"grid\",\"props\":{\"content_column_breakpoint\":\"m\",\"content_margin\":\"small\",\"css\":\"@media (max-width: 960px) {\\n    .el-element {\\n        max-width: 500px;\\n        margin-left: auto;\\n        margin-right: auto;\\n    }\\n}\\n\",\"filter_align\":\"left\",\"filter_all\":true,\"filter_grid_breakpoint\":\"m\",\"filter_grid_width\":\"auto\",\"filter_position\":\"top\",\"filter_style\":\"tab\",\"grid_column_align\":false,\"grid_column_gap\":\"large\",\"grid_default\":\"1\",\"grid_divider\":true,\"grid_medium\":\"3\",\"grid_row_gap\":\"large\",\"icon_width\":80,\"image_align\":\"left\",\"image_grid_breakpoint\":\"\",\"image_grid_width\":\"auto\",\"image_svg_animate\":false,\"image_svg_color\":\"emphasis\",\"image_svg_inline\":true,\"item_animation\":true,\"link_style\":\"default\",\"link_text\":\"Read more\",\"margin\":\"default\",\"meta_align\":\"below-title\",\"meta_element\":\"div\",\"meta_style\":\"text-meta\",\"panel_card_size\":\"\",\"panel_padding\":\"\",\"parallax_easing\":\"1\",\"position\":\"relative\",\"position_z_index\":\"3\",\"show_content\":true,\"show_image\":true,\"show_link\":true,\"show_meta\":true,\"show_title\":true,\"text_align\":\"left\",\"title_align\":\"top\",\"title_element\":\"h2\",\"title_grid_breakpoint\":\"m\",\"title_grid_width\":\"auto\",\"title_hover_style\":\"reset\",\"title_style\":\"h6\"},\"children\":[{\"type\":\"grid_item\",\"props\":{\"content\":\"\n\n<p>Customer Service:<\\\/p>\\n\n\n<p>Monday to Thursday: <br \\\/>9AM - 5PM.<\\\/p>\\n\n\n<p>Friday: <br \\\/>9AM - 3PM.<\\\/p>\",\"image\":\"wp-content\\\/uploads\\\/Boccola-Imatge_HORARIO-1.svg\",\"title\":\"HOURS OF OPERATION\"}},{\"type\":\"grid_item\",\"props\":{\"content\":\"\n\n<p>We deliver all our orders within a maximum of 48 hours and with a minimum order requirement. We collaborate with the transport company Tipsa, which handles shipping throughout the national territory.<\\\/p>\",\"image\":\"wp-content\\\/uploads\\\/Boccola-Imatge_HORARIO-copia-3.svg\",\"title\":\"NATIONAL SHIPPING\"}},{\"type\":\"grid_item\",\"props\":{\"content\":\"\n\n<p>Our facilities are located in the municipality of Sant Cugat del Vall\\u00e9s, Barcelona. There, we have our own workshops where we create our exclusive designs.<\\\/p>\",\"image\":\"wp-content\\\/uploads\\\/Boccola-Imatge_HORARIO-copia-2-1.svg\",\"title\":\"LOCATION\"}}]}]}]}],\"name\":\"DELIVERY\"},{\"type\":\"section\",\"props\":{\"animation\":\"fade\",\"animation_delay\":\"200\",\"css\":\".el-section{\\n\\tbackground-color:#F2F2F2;\\n}\",\"image_position\":\"center-center\",\"style\":\"default\",\"title_breakpoint\":\"xl\",\"title_position\":\"top-left\",\"title_rotation\":\"left\",\"vertical_align\":\"middle\",\"width\":\"default\"},\"children\":[{\"type\":\"row\",\"children\":[{\"type\":\"column\",\"props\":{\"image_position\":\"center-center\",\"media_overlay_gradient\":\"\",\"position_sticky_breakpoint\":\"m\",\"width_medium\":\"1-2\"},\"children\":[{\"type\":\"headline\",\"props\":{\"animation\":\"slide-bottom-medium\",\"content\":\"Contact Boccola\",\"title_element\":\"div\",\"title_style\":\"h1\",\"yooessentials_access_conditions\":[],\"yooessentials_access_mode\":\"AND\"}},{\"type\":\"text\",\"props\":{\"animation\":\"slide-bottom-medium\",\"column_breakpoint\":\"m\",\"content\":\"\n\n<p>If you need more information about us and the products we design, please contact our wholesale tie company in Barcelona. You can call us, send an email, or fill out the following form, and we will be happy to assist you and answer all your questions.<\\\/p>\",\"margin\":\"default\",\"maxwidth\":\"xlarge\"}}]},{\"type\":\"column\",\"props\":{\"image_position\":\"center-center\",\"media_overlay_gradient\":\"\",\"position_sticky_breakpoint\":\"m\",\"width_medium\":\"1-2\"},\"children\":[{\"type\":\"html\",\"props\":{\"content\":\"[contact-form-7 id=\\\"2545de6\\\" title=\\\"Formulario de contacto EN\\\"]\"}}]}],\"props\":{\"layout\":\"1-2,1-2\"}}],\"name\":\"formulario-OK\"},{\"type\":\"section\",\"props\":{\"image_position\":\"center-center\",\"style\":\"muted\",\"title_breakpoint\":\"xl\",\"title_position\":\"top-left\",\"title_rotation\":\"left\",\"vertical_align\":\"middle\",\"width\":\"default\"},\"children\":[{\"type\":\"row\",\"props\":{\"column_gap\":\"small\",\"layout\":\"1-2,1-2\",\"row_gap\":\"small\"},\"children\":[{\"type\":\"column\",\"props\":{\"image_position\":\"center-center\",\"media_overlay_gradient\":\"\",\"position_sticky_breakpoint\":\"m\",\"width_medium\":\"1-2\"},\"children\":[{\"type\":\"text\",\"props\":{\"column_breakpoint\":\"m\",\"content\":\"\n\n<p><span itemprop=\\\"streetAddress\\\">Avenida Cerdanyola, 75, 3\\u00ba<\\\/span><br \\\/><span itemprop=\\\"addressLocality\\\">Sant Cugat del Vall\\u00e9s<\\\/span><span>,\\u00a0<\\\/span><span itemprop=\\\"postalCode\\\">08172<span>\\u00a0<\\\/span><\\\/span><span>,\\u00a0<\\\/span><span itemprop=\\\"addressRegion\\\">(Barcelona)<\\\/span><\\\/p>\",\"margin\":\"default\",\"text_align\":\"center\",\"text_style\":\"large\"}}]},{\"type\":\"column\",\"props\":{\"image_position\":\"center-center\",\"media_overlay_gradient\":\"\",\"position_sticky_breakpoint\":\"m\",\"width_medium\":\"1-2\"},\"children\":[{\"type\":\"text\",\"props\":{\"column_breakpoint\":\"m\",\"content\":\"\n\n<p class=\\\"telefono \\\"><a href=\\\"http:\\\/\\\/93 172 03 29\\\" data-wplink-url-error=\\\"true\\\"><span itemprop=\\\"telephone\\\" content=\\\"931720329-690002368\\\">93 172 03 29 - <\\\/span><\\\/a><span itemprop=\\\"telephone\\\" content=\\\"931720329-690002368\\\"><a href=\\\"http:\\\/\\\/690 002 368\\\" data-wplink-url-error=\\\"true\\\">690 002 368<\\\/a><br \\\/><a href=\\\"mailto:info@boccola.es\\\">info<i class=\\\"separado-at\\\"><\\\/i>@boccola.es<\\\/a><br \\\/><\\\/span><\\\/p>\",\"dropcap\":false,\"margin\":\"default\",\"text_align\":\"center\",\"text_style\":\"large\"}}]}]}]},{\"type\":\"section\",\"props\":{\"image_position\":\"center-center\",\"style\":\"default\",\"title_breakpoint\":\"xl\",\"title_position\":\"top-left\",\"title_rotation\":\"left\",\"vertical_align\":\"middle\",\"width\":\"default\"},\"children\":[{\"type\":\"row\",\"children\":[{\"type\":\"column\",\"props\":{\"image_position\":\"center-center\",\"media_overlay_gradient\":\"\",\"position_sticky_breakpoint\":\"m\",\"yooessentials_access_conditions\":[],\"yooessentials_access_mode\":\"AND\"},\"children\":[{\"type\":\"map\",\"props\":{\"controls\":true,\"dragging\":true,\"image_svg_color\":\"emphasis\",\"link_style\":\"default\",\"link_text\":\"Read more\",\"margin\":\"\",\"max_zoom\":18,\"meta_align\":\"below-title\",\"meta_element\":\"div\",\"meta_style\":\"\",\"min_zoom\":0,\"poi\":false,\"show_content\":true,\"show_image\":true,\"show_link\":true,\"show_meta\":true,\"show_title\":true,\"title_element\":\"h3\",\"title_hover_style\":\"reset\",\"type\":\"roadmap\",\"viewport_height\":\"\",\"zoom\":10,\"zooming\":true},\"children\":[{\"type\":\"map_item\",\"props\":{\"hide\":false,\"location\":\"41.474324,2.092393\",\"show_popup\":false,\"yooessentials_access_conditions\":[],\"yooessentials_access_mode\":\"AND\"}}]}]}],\"props\":{\"width\":\"default\"}}]}],\"version\":\"3.0.26\",\"yooessentialsVersion\":\"1.9.9\"} --><\/p>\n","protected":false},"excerpt":{"rendered":"<p>CONTACT HOURS OF OPERATION Customer Service: Monday to Thursday: 9AM &#8211; 5PM. Friday: 9AM &#8211; 3PM. NATIONAL SHIPPING We deliver all our orders within a maximum of 48 hours and with a minimum order requirement. We collaborate with the transport company Tipsa, which handles shipping throughout the national territory. LOCATION Our facilities are located in [&hellip;]<\/p>\n","protected":false},"author":3,"featured_media":0,"parent":0,"menu_order":1,"comment_status":"open","ping_status":"closed","template":"","meta":{"_monsterinsights_skip_tracking":false,"_monsterinsights_sitenote_active":false,"_monsterinsights_sitenote_note":"","_monsterinsights_sitenote_category":0,"footnotes":""},"yoast_head":"<!-- This site is optimized with the Yoast SEO plugin v22.8 - https:\/\/yoast.com\/wordpress\/plugins\/seo\/ -->\n<title>Contact | Boccola<\/title>\n<meta name=\"description\" content=\"Boccola, empresa fabricante de corbatas, pajaritas, gemelos, chalecos, pa\u00f1uelos de moda en Barcelona. Dise\u00f1amos y fabricamos. Modelos personalizados. Ll\u00e1manos.\" \/>\n<meta name=\"robots\" content=\"index, follow, max-snippet:-1, max-image-preview:large, max-video-preview:-1\" \/>\n<link rel=\"canonical\" href=\"https:\/\/www.boccola.es\/en\/contacto\/\" \/>\n<meta property=\"og:locale\" content=\"en_US\" \/>\n<meta property=\"og:type\" content=\"article\" \/>\n<meta property=\"og:title\" content=\"Contact | Boccola\" \/>\n<meta property=\"og:description\" content=\"Boccola, empresa fabricante de corbatas, pajaritas, gemelos, chalecos, pa\u00f1uelos de moda en Barcelona. Dise\u00f1amos y fabricamos. Modelos personalizados. Ll\u00e1manos.\" \/>\n<meta property=\"og:url\" content=\"https:\/\/www.boccola.es\/en\/contacto\/\" \/>\n<meta property=\"og:site_name\" content=\"Boccola\" \/>\n<meta property=\"article:publisher\" content=\"https:\/\/www.facebook.com\/boccoladesign\" \/>\n<meta property=\"article:modified_time\" content=\"2024-05-03T12:18:53+00:00\" \/>\n<meta property=\"og:image\" content=\"https:\/\/www.boccola.es\/wp-content\/uploads\/ab62d173acf165d6976ac458f462dcbd8f28cb1a-1.jpeg\" \/>\n\t<meta property=\"og:image:width\" content=\"1200\" \/>\n\t<meta property=\"og:image:height\" content=\"800\" \/>\n\t<meta property=\"og:image:type\" content=\"image\/jpeg\" \/>\n<meta name=\"twitter:card\" content=\"summary_large_image\" \/>\n<meta name=\"twitter:site\" content=\"@BoccolaDesign\" \/>\n<meta name=\"twitter:label1\" content=\"Est. reading time\" \/>\n\t<meta name=\"twitter:data1\" content=\"1 minute\" \/>\n<script type=\"application\/ld+json\" class=\"yoast-schema-graph\">{\"@context\":\"https:\/\/schema.org\",\"@graph\":[{\"@type\":\"WebPage\",\"@id\":\"https:\/\/www.boccola.es\/en\/contacto\/\",\"url\":\"https:\/\/www.boccola.es\/en\/contacto\/\",\"name\":\"Contact | Boccola\",\"isPartOf\":{\"@id\":\"https:\/\/www.boccola.es\/en\/#website\"},\"datePublished\":\"2023-05-26T07:54:16+00:00\",\"dateModified\":\"2024-05-03T12:18:53+00:00\",\"description\":\"Boccola, empresa fabricante de corbatas, pajaritas, gemelos, chalecos, pa\u00f1uelos de moda en Barcelona. Dise\u00f1amos y fabricamos. Modelos personalizados. Ll\u00e1manos.\",\"breadcrumb\":{\"@id\":\"https:\/\/www.boccola.es\/en\/contacto\/#breadcrumb\"},\"inLanguage\":\"en-US\",\"potentialAction\":[{\"@type\":\"ReadAction\",\"target\":[\"https:\/\/www.boccola.es\/en\/contacto\/\"]}]},{\"@type\":\"BreadcrumbList\",\"@id\":\"https:\/\/www.boccola.es\/en\/contacto\/#breadcrumb\",\"itemListElement\":[{\"@type\":\"ListItem\",\"position\":1,\"name\":\"Home\",\"item\":\"https:\/\/www.boccola.es\/en\/\"},{\"@type\":\"ListItem\",\"position\":2,\"name\":\"Contact\"}]},{\"@type\":\"WebSite\",\"@id\":\"https:\/\/www.boccola.es\/en\/#website\",\"url\":\"https:\/\/www.boccola.es\/en\/\",\"name\":\"Boccola\",\"description\":\"Fabricaci\u00f3n y dise\u00f1o de corbatas y pajaritas\",\"publisher\":{\"@id\":\"https:\/\/www.boccola.es\/en\/#organization\"},\"potentialAction\":[{\"@type\":\"SearchAction\",\"target\":{\"@type\":\"EntryPoint\",\"urlTemplate\":\"https:\/\/www.boccola.es\/en\/?s={search_term_string}\"},\"query-input\":\"required name=search_term_string\"}],\"inLanguage\":\"en-US\"},{\"@type\":\"Organization\",\"@id\":\"https:\/\/www.boccola.es\/en\/#organization\",\"name\":\"Boccola\",\"url\":\"https:\/\/www.boccola.es\/en\/\",\"logo\":{\"@type\":\"ImageObject\",\"inLanguage\":\"en-US\",\"@id\":\"https:\/\/www.boccola.es\/en\/#\/schema\/logo\/image\/\",\"url\":\"https:\/\/www.boccola.es\/wp-content\/uploads\/boccola_transp.png\",\"contentUrl\":\"https:\/\/www.boccola.es\/wp-content\/uploads\/boccola_transp.png\",\"width\":192,\"height\":48,\"caption\":\"Boccola\"},\"image\":{\"@id\":\"https:\/\/www.boccola.es\/en\/#\/schema\/logo\/image\/\"},\"sameAs\":[\"https:\/\/www.facebook.com\/boccoladesign\",\"https:\/\/x.com\/BoccolaDesign\",\"https:\/\/www.instagram.com\/boccoladesign\/\"]}]}<\/script>\n<!-- \/ Yoast SEO plugin. -->","yoast_head_json":{"title":"Contact | Boccola","description":"Boccola, empresa fabricante de corbatas, pajaritas, gemelos, chalecos, pa\u00f1uelos de moda en Barcelona. Dise\u00f1amos y fabricamos. Modelos personalizados. Ll\u00e1manos.","robots":{"index":"index","follow":"follow","max-snippet":"max-snippet:-1","max-image-preview":"max-image-preview:large","max-video-preview":"max-video-preview:-1"},"canonical":"https:\/\/www.boccola.es\/en\/contacto\/","og_locale":"en_US","og_type":"article","og_title":"Contact | Boccola","og_description":"Boccola, empresa fabricante de corbatas, pajaritas, gemelos, chalecos, pa\u00f1uelos de moda en Barcelona. Dise\u00f1amos y fabricamos. Modelos personalizados. Ll\u00e1manos.","og_url":"https:\/\/www.boccola.es\/en\/contacto\/","og_site_name":"Boccola","article_publisher":"https:\/\/www.facebook.com\/boccoladesign","article_modified_time":"2024-05-03T12:18:53+00:00","og_image":[{"width":1200,"height":800,"url":"https:\/\/www.boccola.es\/wp-content\/uploads\/ab62d173acf165d6976ac458f462dcbd8f28cb1a-1.jpeg","type":"image\/jpeg"}],"twitter_card":"summary_large_image","twitter_site":"@BoccolaDesign","twitter_misc":{"Est. reading time":"1 minute"},"schema":{"@context":"https:\/\/schema.org","@graph":[{"@type":"WebPage","@id":"https:\/\/www.boccola.es\/en\/contacto\/","url":"https:\/\/www.boccola.es\/en\/contacto\/","name":"Contact | Boccola","isPartOf":{"@id":"https:\/\/www.boccola.es\/en\/#website"},"datePublished":"2023-05-26T07:54:16+00:00","dateModified":"2024-05-03T12:18:53+00:00","description":"Boccola, empresa fabricante de corbatas, pajaritas, gemelos, chalecos, pa\u00f1uelos de moda en Barcelona. Dise\u00f1amos y fabricamos. Modelos personalizados. Ll\u00e1manos.","breadcrumb":{"@id":"https:\/\/www.boccola.es\/en\/contacto\/#breadcrumb"},"inLanguage":"en-US","potentialAction":[{"@type":"ReadAction","target":["https:\/\/www.boccola.es\/en\/contacto\/"]}]},{"@type":"BreadcrumbList","@id":"https:\/\/www.boccola.es\/en\/contacto\/#breadcrumb","itemListElement":[{"@type":"ListItem","position":1,"name":"Home","item":"https:\/\/www.boccola.es\/en\/"},{"@type":"ListItem","position":2,"name":"Contact"}]},{"@type":"WebSite","@id":"https:\/\/www.boccola.es\/en\/#website","url":"https:\/\/www.boccola.es\/en\/","name":"Boccola","description":"Fabricaci\u00f3n y dise\u00f1o de corbatas y pajaritas","publisher":{"@id":"https:\/\/www.boccola.es\/en\/#organization"},"potentialAction":[{"@type":"SearchAction","target":{"@type":"EntryPoint","urlTemplate":"https:\/\/www.boccola.es\/en\/?s={search_term_string}"},"query-input":"required name=search_term_string"}],"inLanguage":"en-US"},{"@type":"Organization","@id":"https:\/\/www.boccola.es\/en\/#organization","name":"Boccola","url":"https:\/\/www.boccola.es\/en\/","logo":{"@type":"ImageObject","inLanguage":"en-US","@id":"https:\/\/www.boccola.es\/en\/#\/schema\/logo\/image\/","url":"https:\/\/www.boccola.es\/wp-content\/uploads\/boccola_transp.png","contentUrl":"https:\/\/www.boccola.es\/wp-content\/uploads\/boccola_transp.png","width":192,"height":48,"caption":"Boccola"},"image":{"@id":"https:\/\/www.boccola.es\/en\/#\/schema\/logo\/image\/"},"sameAs":["https:\/\/www.facebook.com\/boccoladesign","https:\/\/x.com\/BoccolaDesign","https:\/\/www.instagram.com\/boccoladesign\/"]}]}},"jetpack_sharing_enabled":true,"_links":{"self":[{"href":"https:\/\/www.boccola.es\/en\/wp-json\/wp\/v2\/pages\/3810"}],"collection":[{"href":"https:\/\/www.boccola.es\/en\/wp-json\/wp\/v2\/pages"}],"about":[{"href":"https:\/\/www.boccola.es\/en\/wp-json\/wp\/v2\/types\/page"}],"author":[{"embeddable":true,"href":"https:\/\/www.boccola.es\/en\/wp-json\/wp\/v2\/users\/3"}],"replies":[{"embeddable":true,"href":"https:\/\/www.boccola.es\/en\/wp-json\/wp\/v2\/comments?post=3810"}],"version-history":[{"count":5,"href":"https:\/\/www.boccola.es\/en\/wp-json\/wp\/v2\/pages\/3810\/revisions"}],"predecessor-version":[{"id":4513,"href":"https:\/\/www.boccola.es\/en\/wp-json\/wp\/v2\/pages\/3810\/revisions\/4513"}],"wp:attachment":[{"href":"https:\/\/www.boccola.es\/en\/wp-json\/wp\/v2\/media?parent=3810"}],"curies":[{"name":"wp","href":"https:\/\/api.w.org\/{rel}","templated":true}]}}