{"id":3800,"date":"2023-05-26T10:15:51","date_gmt":"2023-05-26T08:15:51","guid":{"rendered":"https:\/\/www.boccola.es\/ceremonias-y-eventos\/"},"modified":"2024-05-10T13:17:38","modified_gmt":"2024-05-10T11:17:38","slug":"ceremonias-y-eventos","status":"publish","type":"page","link":"https:\/\/www.boccola.es\/en\/ceremonias-y-eventos\/","title":{"rendered":"Ceremonies and events"},"content":{"rendered":"<h1>\n<p>CEREMONIES AND EVENTS<\/p>\n<\/h1>\n<h1>\n<p>EXPERTS IN CELEBRATIONS<\/p>\n<\/h1>\n<div>\n<p><strong>Do you have a special occasion coming up? Don&#8217;t leave anyone indifferent and surprise everyone with your accessories!<\/strong><\/p>\n<p>At Boccola, we have a wide collection of handmade ceremony accessories, such as ties, bow ties, and vests for weddings.<\/p>\n<p>All our products are characterized by being available in a wide variety of fabrics and designs. Our constant innovation allows us to offer accessories suitable for all tastes, from modest monochromes for the most traditional to original cashmeres, fantasies, and stripes for the boldest. Whatever your style, we have the perfect ceremony accessory for you.<\/p>\n<\/p>\n<\/div>\n<ul>\n<li>\n<p>        <img decoding=\"async\" src=\"\/wp-content\/uploads\/LLC3773_B.jpg\" alt=\"\"><\/p>\n<h4>Atelier<\/h4>\n<p>A Peek Into Our Sewing Atelier<\/p>\n<\/li>\n<li>\n<p>        <img decoding=\"async\" src=\"\/wp-content\/uploads\/LLC3733.jpg\" alt=\"\"><\/p>\n<h4>Products<\/h4>\n<p>All Products Are Handmade With Care &#038; Love<\/p>\n<\/li>\n<li>\n<p>        <img decoding=\"async\" src=\"\/wp-content\/uploads\/LLC3793.jpg\" alt=\"\"><\/p>\n<h4>Materials<\/h4>\n<p>We Use High Quality Sustainable Materials<\/p>\n<\/li>\n<\/ul>\n<h3>\n<p>ARE YOU TAKING THE BIG STEP?<\/p>\n<\/h3>\n<div>\n<p><strong>Find the accessory you need to crown your day!<\/strong><\/p>\n<p>We have everything you need to complete your groom&#8217;s outfit: ties, bow ties, sashes, bows, and vests. Furthermore, we can add details like piping, cord, pockets, rayon or matching fabric back, straight or pointed finish, and more to each of these.<\/p>\n<\/div>\n<h3>\n<p>DO YOU HAVE A SPECIAL IDEA?<\/p>\n<\/h3>\n<div>\n<p>If necessary, we also create custom-made products for special sizes. Don&#8217;t hesitate to contact us and we&#8217;ll get to work on your custom accessory!<\/p>\n<\/div>\n<p>\n    <a href=\"\/en\/contacto\/\">CONTACT WITH US<\/a>\n<\/p>\n<p><img decoding=\"async\" src=\"\/wp-content\/uploads\/Captura-de-pantalla-2023-06-06-a-les-15.20.11.png\" alt=\"\"><\/p>\n<p><!--more--><br \/>\n<!-- {\"type\":\"layout\",\"children\":[{\"type\":\"section\",\"props\":{\"image_position\":\"center-center\",\"padding\":\"large\",\"padding_remove_bottom\":true,\"padding_remove_top\":true,\"style\":\"default\",\"title_breakpoint\":\"xl\",\"title_position\":\"top-left\",\"title_rotation\":\"left\",\"vertical_align\":\"middle\",\"width\":\"\"},\"children\":[{\"type\":\"row\",\"children\":[{\"type\":\"column\",\"props\":{\"image_position\":\"center-center\",\"media_overlay_gradient\":\"\",\"position_sticky_breakpoint\":\"m\"},\"children\":[{\"type\":\"headline\",\"props\":{\"content\":\"\n\n<p>CEREMONIES AND EVENTS<\\\/p>\",\"css\":\".el-element{\\n    padding: 25px;\\n}\",\"margin\":\"small\",\"margin_remove_bottom\":true,\"text_align\":\"center\",\"title_element\":\"h1\",\"title_style\":\"h1\"}}]}]}]},{\"type\":\"section\",\"props\":{\"css\":\"@media (min-width: 960px) {\\n    .el-section > div  {\\n        padding-top: 350px;\\n        padding-bottom: 350px;\\n    }\\n}\",\"image\":\"wp-content\\\/uploads\\\/pexels-photo-9198317.jpeg\",\"image_loading\":true,\"image_position\":\"center-center\",\"image_size\":\"cover\",\"image_width\":\"1840\",\"padding\":\"xlarge\",\"style\":\"default\",\"title_breakpoint\":\"xl\",\"title_position\":\"top-left\",\"title_rotation\":\"left\",\"vertical_align\":\"middle\",\"width\":\"default\"},\"children\":[{\"type\":\"row\",\"children\":[{\"type\":\"column\",\"props\":{\"image_position\":\"center-center\",\"media_overlay_gradient\":\"\",\"position_sticky_breakpoint\":\"m\",\"width_medium\":\"1-1\"},\"children\":[]}]}],\"name\":\"Cap\\u00e7al foto\"},{\"type\":\"section\",\"props\":{\"image\":\"\",\"image_position\":\"center-center\",\"padding\":\"large\",\"padding_remove_top\":false,\"style\":\"default\",\"text_color\":\"light\",\"title_breakpoint\":\"xl\",\"title_position\":\"top-left\",\"title_rotation\":\"left\",\"vertical_align\":\"middle\",\"width\":\"\"},\"children\":[{\"type\":\"row\",\"props\":{\"width\":\"default\"},\"children\":[{\"type\":\"column\",\"props\":{\"image_position\":\"center-center\",\"media_overlay_gradient\":\"\",\"position_sticky_breakpoint\":\"m\",\"width_medium\":\"1-1\"},\"children\":[{\"type\":\"headline\",\"props\":{\"content\":\"\n\n<p>EXPERTS IN CELEBRATIONS<\\\/p>\",\"margin\":\"default\",\"text_align\":\"left\",\"text_align_breakpoint\":\"m\",\"text_align_fallback\":\"center\",\"title_element\":\"h1\",\"title_style\":\"h4\"}},{\"type\":\"text\",\"props\":{\"column\":\"1-2\",\"column_breakpoint\":\"m\",\"content\":\"\n\n<p><strong>Do you have a special occasion coming up? Don't leave anyone indifferent and surprise everyone with your accessories!<\\\/strong><\\\/p>\\n\n\n<p>At Boccola, we have a wide collection of handmade ceremony accessories, such as ties, bow ties, and vests for weddings.<\\\/p>\\n\n\n<p>All our products are characterized by being available in a wide variety of fabrics and designs. Our constant innovation allows us to offer accessories suitable for all tastes, from modest monochromes for the most traditional to original cashmeres, fantasies, and stripes for the boldest. Whatever your style, we have the perfect ceremony accessory for you.<\\\/p>\\n\n\n<p><\\\/p>\",\"margin\":\"default\"}},{\"type\":\"grid\",\"props\":{\"content_column_breakpoint\":\"m\",\"filter_align\":\"left\",\"filter_all\":true,\"filter_grid_breakpoint\":\"m\",\"filter_grid_width\":\"auto\",\"filter_position\":\"top\",\"filter_style\":\"tab\",\"grid_default\":\"1\",\"grid_medium\":\"\",\"grid_small\":\"3\",\"icon_width\":80,\"image_align\":\"top\",\"image_grid_breakpoint\":\"m\",\"image_grid_width\":\"1-2\",\"image_svg_color\":\"emphasis\",\"image_width\":\"610\",\"item_animation\":true,\"link_style\":\"default\",\"link_text\":\"Read more\",\"margin\":\"large\",\"meta_align\":\"below-title\",\"meta_element\":\"div\",\"meta_style\":\"text-meta\",\"parallax_easing\":\"1\",\"show_content\":false,\"show_image\":true,\"show_link\":false,\"show_meta\":false,\"show_title\":false,\"title_align\":\"top\",\"title_color\":\"muted\",\"title_element\":\"h4\",\"title_grid_breakpoint\":\"m\",\"title_grid_width\":\"1-2\",\"title_hover_style\":\"reset\",\"title_style\":\"h6\"},\"children\":[{\"type\":\"grid_item\",\"props\":{\"image\":\"wp-content\\\/uploads\\\/LLC3773_B.jpg\",\"meta\":\"A Peek Into Our Sewing Atelier\",\"title\":\"Atelier\"}},{\"type\":\"grid_item\",\"props\":{\"content\":\"\",\"image\":\"wp-content\\\/uploads\\\/LLC3733.jpg\",\"meta\":\"All Products Are Handmade With Care & Love\",\"title\":\"Products\"}},{\"type\":\"grid_item\",\"props\":{\"image\":\"wp-content\\\/uploads\\\/LLC3793.jpg\",\"meta\":\"We Use High Quality Sustainable Materials\",\"title\":\"Materials\"}}]}]}]},{\"type\":\"row\",\"props\":{\"column_gap\":\"large\",\"layout\":\"1-2,1-2\",\"margin\":\"xlarge\",\"row_gap\":\"large\",\"width\":\"default\"},\"children\":[{\"type\":\"column\",\"props\":{\"image_position\":\"center-center\",\"media_overlay_gradient\":\"\",\"position_sticky_breakpoint\":\"m\",\"vertical_align\":\"middle\",\"width_small\":\"1-2\"},\"children\":[{\"type\":\"headline\",\"props\":{\"content\":\"\n\n<p>ARE YOU TAKING THE BIG STEP?<\\\/p>\",\"text_align\":\"left\",\"text_align_breakpoint\":\"s\",\"text_align_fallback\":\"center\",\"title_element\":\"h3\",\"title_style\":\"h4\"}},{\"type\":\"text\",\"props\":{\"column_breakpoint\":\"m\",\"content\":\"\n\n<p><strong>Find the accessory you need to crown your day!<\\\/strong><\\\/p>\\n\n\n<p>We have everything you need to complete your groom's outfit: ties, bow ties, sashes, bows, and vests. Furthermore, we can add details like piping, cord, pockets, rayon or matching fabric back, straight or pointed finish, and more to each of these.<\\\/p>\",\"margin\":\"medium\",\"margin_remove_top\":true,\"maxwidth\":\"xlarge\",\"text_align\":\"left\"}},{\"type\":\"headline\",\"props\":{\"content\":\"\n\n<p>DO YOU HAVE A SPECIAL IDEA?<\\\/p>\",\"text_align\":\"left\",\"text_align_breakpoint\":\"s\",\"text_align_fallback\":\"center\",\"title_element\":\"h3\",\"title_style\":\"h4\"}},{\"type\":\"text\",\"props\":{\"column_breakpoint\":\"m\",\"content\":\"\n\n<p>If necessary, we also create custom-made products for special sizes. Don't hesitate to contact us and we'll get to work on your custom accessory!<\\\/p>\",\"margin\":\"medium\",\"margin_remove_top\":true,\"maxwidth\":\"xlarge\",\"text_align\":\"left\"}},{\"type\":\"button\",\"props\":{\"button_size\":\"large\",\"grid_column_gap\":\"small\",\"grid_row_gap\":\"small\",\"margin\":\"medium\",\"text_align\":\"left\",\"text_align_breakpoint\":\"s\",\"text_align_fallback\":\"center\"},\"children\":[{\"type\":\"button_item\",\"props\":{\"button_style\":\"secondary\",\"content\":\"CONTACT WITH US\",\"icon_align\":\"left\",\"link\":\"en\\\/contacto\\\/\",\"link_target\":\"blank\"}}]}]},{\"type\":\"column\",\"props\":{\"image_position\":\"center-center\",\"media_overlay_gradient\":\"\",\"position_sticky_breakpoint\":\"m\",\"width_small\":\"1-2\"},\"children\":[{\"type\":\"image\",\"props\":{\"image\":\"wp-content\\\/uploads\\\/Captura-de-pantalla-2023-06-06-a-les-15.20.11.png\",\"image_svg_color\":\"emphasis\",\"image_width\":\"610\",\"margin\":\"default\"}}]}]}],\"name\":\"Workshop\"}],\"version\":\"3.0.26\",\"yooessentialsVersion\":\"1.9.9\"} --><\/p>\n","protected":false},"excerpt":{"rendered":"<p>CEREMONIES AND EVENTS EXPERTS IN CELEBRATIONS Do you have a special occasion coming up? Don&#8217;t leave anyone indifferent and surprise everyone with your accessories! At Boccola, we have a wide collection of handmade ceremony accessories, such as ties, bow ties, and vests for weddings. All our products are characterized by being available in a wide [&hellip;]<\/p>\n","protected":false},"author":3,"featured_media":0,"parent":0,"menu_order":1,"comment_status":"open","ping_status":"closed","template":"","meta":{"_monsterinsights_skip_tracking":false,"_monsterinsights_sitenote_active":false,"_monsterinsights_sitenote_note":"","_monsterinsights_sitenote_category":0,"footnotes":""},"yoast_head":"<!-- This site is optimized with the Yoast SEO plugin v22.8 - https:\/\/yoast.com\/wordpress\/plugins\/seo\/ -->\n<title>Ceremonies and events | Boccola<\/title>\n<meta name=\"description\" content=\"Boccola, empresa fabricante de corbatas, pajaritas, gemelos, chalecos, pa\u00f1uelos de moda en Barcelona. Dise\u00f1amos y fabricamos. Modelos personalizados. Ll\u00e1manos.\" \/>\n<meta name=\"robots\" content=\"index, follow, max-snippet:-1, max-image-preview:large, max-video-preview:-1\" \/>\n<link rel=\"canonical\" href=\"https:\/\/www.boccola.es\/en\/ceremonias-y-eventos\/\" \/>\n<meta property=\"og:locale\" content=\"en_US\" \/>\n<meta property=\"og:type\" content=\"article\" \/>\n<meta property=\"og:title\" content=\"Ceremonies and events | Boccola\" \/>\n<meta property=\"og:description\" content=\"Boccola, empresa fabricante de corbatas, pajaritas, gemelos, chalecos, pa\u00f1uelos de moda en Barcelona. Dise\u00f1amos y fabricamos. Modelos personalizados. Ll\u00e1manos.\" \/>\n<meta property=\"og:url\" content=\"https:\/\/www.boccola.es\/en\/ceremonias-y-eventos\/\" \/>\n<meta property=\"og:site_name\" content=\"Boccola\" \/>\n<meta property=\"article:publisher\" content=\"https:\/\/www.facebook.com\/boccoladesign\" \/>\n<meta property=\"article:modified_time\" content=\"2024-05-10T11:17:38+00:00\" \/>\n<meta property=\"og:image\" content=\"https:\/\/www.boccola.es\/wp-content\/uploads\/ab62d173acf165d6976ac458f462dcbd8f28cb1a-1.jpeg\" \/>\n\t<meta property=\"og:image:width\" content=\"1200\" \/>\n\t<meta property=\"og:image:height\" content=\"800\" \/>\n\t<meta property=\"og:image:type\" content=\"image\/jpeg\" \/>\n<meta name=\"twitter:card\" content=\"summary_large_image\" \/>\n<meta name=\"twitter:site\" content=\"@BoccolaDesign\" \/>\n<meta name=\"twitter:label1\" content=\"Est. reading time\" \/>\n\t<meta name=\"twitter:data1\" content=\"1 minute\" \/>\n<script type=\"application\/ld+json\" class=\"yoast-schema-graph\">{\"@context\":\"https:\/\/schema.org\",\"@graph\":[{\"@type\":\"WebPage\",\"@id\":\"https:\/\/www.boccola.es\/en\/ceremonias-y-eventos\/\",\"url\":\"https:\/\/www.boccola.es\/en\/ceremonias-y-eventos\/\",\"name\":\"Ceremonies and events | Boccola\",\"isPartOf\":{\"@id\":\"https:\/\/www.boccola.es\/en\/#website\"},\"datePublished\":\"2023-05-26T08:15:51+00:00\",\"dateModified\":\"2024-05-10T11:17:38+00:00\",\"description\":\"Boccola, empresa fabricante de corbatas, pajaritas, gemelos, chalecos, pa\u00f1uelos de moda en Barcelona. Dise\u00f1amos y fabricamos. Modelos personalizados. Ll\u00e1manos.\",\"breadcrumb\":{\"@id\":\"https:\/\/www.boccola.es\/en\/ceremonias-y-eventos\/#breadcrumb\"},\"inLanguage\":\"en-US\",\"potentialAction\":[{\"@type\":\"ReadAction\",\"target\":[\"https:\/\/www.boccola.es\/en\/ceremonias-y-eventos\/\"]}]},{\"@type\":\"BreadcrumbList\",\"@id\":\"https:\/\/www.boccola.es\/en\/ceremonias-y-eventos\/#breadcrumb\",\"itemListElement\":[{\"@type\":\"ListItem\",\"position\":1,\"name\":\"Home\",\"item\":\"https:\/\/www.boccola.es\/en\/\"},{\"@type\":\"ListItem\",\"position\":2,\"name\":\"Ceremonies and events\"}]},{\"@type\":\"WebSite\",\"@id\":\"https:\/\/www.boccola.es\/en\/#website\",\"url\":\"https:\/\/www.boccola.es\/en\/\",\"name\":\"Boccola\",\"description\":\"Fabricaci\u00f3n y dise\u00f1o de corbatas y pajaritas\",\"publisher\":{\"@id\":\"https:\/\/www.boccola.es\/en\/#organization\"},\"potentialAction\":[{\"@type\":\"SearchAction\",\"target\":{\"@type\":\"EntryPoint\",\"urlTemplate\":\"https:\/\/www.boccola.es\/en\/?s={search_term_string}\"},\"query-input\":\"required name=search_term_string\"}],\"inLanguage\":\"en-US\"},{\"@type\":\"Organization\",\"@id\":\"https:\/\/www.boccola.es\/en\/#organization\",\"name\":\"Boccola\",\"url\":\"https:\/\/www.boccola.es\/en\/\",\"logo\":{\"@type\":\"ImageObject\",\"inLanguage\":\"en-US\",\"@id\":\"https:\/\/www.boccola.es\/en\/#\/schema\/logo\/image\/\",\"url\":\"https:\/\/www.boccola.es\/wp-content\/uploads\/boccola_transp.png\",\"contentUrl\":\"https:\/\/www.boccola.es\/wp-content\/uploads\/boccola_transp.png\",\"width\":192,\"height\":48,\"caption\":\"Boccola\"},\"image\":{\"@id\":\"https:\/\/www.boccola.es\/en\/#\/schema\/logo\/image\/\"},\"sameAs\":[\"https:\/\/www.facebook.com\/boccoladesign\",\"https:\/\/x.com\/BoccolaDesign\",\"https:\/\/www.instagram.com\/boccoladesign\/\"]}]}<\/script>\n<!-- \/ Yoast SEO plugin. -->","yoast_head_json":{"title":"Ceremonies and events | Boccola","description":"Boccola, empresa fabricante de corbatas, pajaritas, gemelos, chalecos, pa\u00f1uelos de moda en Barcelona. Dise\u00f1amos y fabricamos. Modelos personalizados. Ll\u00e1manos.","robots":{"index":"index","follow":"follow","max-snippet":"max-snippet:-1","max-image-preview":"max-image-preview:large","max-video-preview":"max-video-preview:-1"},"canonical":"https:\/\/www.boccola.es\/en\/ceremonias-y-eventos\/","og_locale":"en_US","og_type":"article","og_title":"Ceremonies and events | Boccola","og_description":"Boccola, empresa fabricante de corbatas, pajaritas, gemelos, chalecos, pa\u00f1uelos de moda en Barcelona. Dise\u00f1amos y fabricamos. Modelos personalizados. Ll\u00e1manos.","og_url":"https:\/\/www.boccola.es\/en\/ceremonias-y-eventos\/","og_site_name":"Boccola","article_publisher":"https:\/\/www.facebook.com\/boccoladesign","article_modified_time":"2024-05-10T11:17:38+00:00","og_image":[{"width":1200,"height":800,"url":"https:\/\/www.boccola.es\/wp-content\/uploads\/ab62d173acf165d6976ac458f462dcbd8f28cb1a-1.jpeg","type":"image\/jpeg"}],"twitter_card":"summary_large_image","twitter_site":"@BoccolaDesign","twitter_misc":{"Est. reading time":"1 minute"},"schema":{"@context":"https:\/\/schema.org","@graph":[{"@type":"WebPage","@id":"https:\/\/www.boccola.es\/en\/ceremonias-y-eventos\/","url":"https:\/\/www.boccola.es\/en\/ceremonias-y-eventos\/","name":"Ceremonies and events | Boccola","isPartOf":{"@id":"https:\/\/www.boccola.es\/en\/#website"},"datePublished":"2023-05-26T08:15:51+00:00","dateModified":"2024-05-10T11:17:38+00:00","description":"Boccola, empresa fabricante de corbatas, pajaritas, gemelos, chalecos, pa\u00f1uelos de moda en Barcelona. Dise\u00f1amos y fabricamos. Modelos personalizados. Ll\u00e1manos.","breadcrumb":{"@id":"https:\/\/www.boccola.es\/en\/ceremonias-y-eventos\/#breadcrumb"},"inLanguage":"en-US","potentialAction":[{"@type":"ReadAction","target":["https:\/\/www.boccola.es\/en\/ceremonias-y-eventos\/"]}]},{"@type":"BreadcrumbList","@id":"https:\/\/www.boccola.es\/en\/ceremonias-y-eventos\/#breadcrumb","itemListElement":[{"@type":"ListItem","position":1,"name":"Home","item":"https:\/\/www.boccola.es\/en\/"},{"@type":"ListItem","position":2,"name":"Ceremonies and events"}]},{"@type":"WebSite","@id":"https:\/\/www.boccola.es\/en\/#website","url":"https:\/\/www.boccola.es\/en\/","name":"Boccola","description":"Fabricaci\u00f3n y dise\u00f1o de corbatas y pajaritas","publisher":{"@id":"https:\/\/www.boccola.es\/en\/#organization"},"potentialAction":[{"@type":"SearchAction","target":{"@type":"EntryPoint","urlTemplate":"https:\/\/www.boccola.es\/en\/?s={search_term_string}"},"query-input":"required name=search_term_string"}],"inLanguage":"en-US"},{"@type":"Organization","@id":"https:\/\/www.boccola.es\/en\/#organization","name":"Boccola","url":"https:\/\/www.boccola.es\/en\/","logo":{"@type":"ImageObject","inLanguage":"en-US","@id":"https:\/\/www.boccola.es\/en\/#\/schema\/logo\/image\/","url":"https:\/\/www.boccola.es\/wp-content\/uploads\/boccola_transp.png","contentUrl":"https:\/\/www.boccola.es\/wp-content\/uploads\/boccola_transp.png","width":192,"height":48,"caption":"Boccola"},"image":{"@id":"https:\/\/www.boccola.es\/en\/#\/schema\/logo\/image\/"},"sameAs":["https:\/\/www.facebook.com\/boccoladesign","https:\/\/x.com\/BoccolaDesign","https:\/\/www.instagram.com\/boccoladesign\/"]}]}},"jetpack_sharing_enabled":true,"_links":{"self":[{"href":"https:\/\/www.boccola.es\/en\/wp-json\/wp\/v2\/pages\/3800"}],"collection":[{"href":"https:\/\/www.boccola.es\/en\/wp-json\/wp\/v2\/pages"}],"about":[{"href":"https:\/\/www.boccola.es\/en\/wp-json\/wp\/v2\/types\/page"}],"author":[{"embeddable":true,"href":"https:\/\/www.boccola.es\/en\/wp-json\/wp\/v2\/users\/3"}],"replies":[{"embeddable":true,"href":"https:\/\/www.boccola.es\/en\/wp-json\/wp\/v2\/comments?post=3800"}],"version-history":[{"count":5,"href":"https:\/\/www.boccola.es\/en\/wp-json\/wp\/v2\/pages\/3800\/revisions"}],"predecessor-version":[{"id":4524,"href":"https:\/\/www.boccola.es\/en\/wp-json\/wp\/v2\/pages\/3800\/revisions\/4524"}],"wp:attachment":[{"href":"https:\/\/www.boccola.es\/en\/wp-json\/wp\/v2\/media?parent=3800"}],"curies":[{"name":"wp","href":"https:\/\/api.w.org\/{rel}","templated":true}]}}