{"id":3792,"date":"2023-07-12T13:26:37","date_gmt":"2023-07-12T11:26:37","guid":{"rendered":"https:\/\/www.boccola.es\/bugatti\/"},"modified":"2023-09-27T13:02:31","modified_gmt":"2023-09-27T11:02:31","slug":"bugatti","status":"publish","type":"page","link":"https:\/\/www.boccola.es\/en\/bugatti\/","title":{"rendered":"Bugatti"},"content":{"rendered":"<h1>BUGATTI<\/h1>\n<div>\n<p>Modern and exclusive collections reflecting lifestyles<\/p>\n<\/div>\n<div>\n<p>Established in 1947, Bugatti is a German brand that has become one of the most important textile companies in Germany, renowned for its coats and outerwear.<\/p>\n<p>Bugatti&#8217;s philosophy is based on a passion for fashion and the combination of modern spirit with tradition, as reflected in their garments. As the name suggests, this brand&#8217;s fashion possesses an Italian style combined with meticulous German attention to detail.<\/p>\n<p>Bugatti offers complete seasonal collections for both men and women, reflecting a modern European luxury lifestyle. Their collections include all types of leisure and business attire, as well as accessories like bags, belts, shoes, and hats, conveying exclusivity, elegance, and excellent quality.<\/p>\n<p>With over 10 million items sold each year, Bugatti&#8217;s commercial success makes it a true global reference.<\/p>\n<\/p>\n<\/div>\n<p><img decoding=\"async\" src=\"\/boccola\/wp-content\/uploads\/thumb_width1000_height1000_20210817_bugatti_pflegetipps_anzug_waschen_11.webp\" alt=\"\"><br \/>\n<img decoding=\"async\" src=\"\/boccola\/wp-content\/uploads\/thumb_width1000_height1000_20200505_bugatti_magazin_ratgeber_krawatte_binden_anleitung.webp\" alt=\"\"><\/p>\n<p><!--more--><br \/>\n<!-- {\"type\":\"layout\",\"children\":[{\"type\":\"section\",\"props\":{\"image_position\":\"center-center\",\"padding\":\"large\",\"padding_remove_bottom\":true,\"padding_remove_top\":true,\"style\":\"default\",\"title_breakpoint\":\"xl\",\"title_position\":\"top-left\",\"title_rotation\":\"left\",\"vertical_align\":\"middle\",\"width\":\"\"},\"children\":[{\"type\":\"row\",\"children\":[{\"type\":\"column\",\"props\":{\"image_position\":\"center-center\",\"media_overlay_gradient\":\"\",\"position_sticky_breakpoint\":\"m\"},\"children\":[{\"type\":\"headline\",\"props\":{\"content\":\"BUGATTI\",\"css\":\".el-element{\\n    padding: 25px;\\n}\",\"margin\":\"small\",\"margin_remove_bottom\":true,\"text_align\":\"center\",\"title_element\":\"h1\",\"title_style\":\"h1\"}}]}]}],\"name\":\"capu00e7al titols\"},{\"type\":\"section\",\"props\":{\"css\":\"@media (min-width: 960px) {n    .el-section > div  {n        padding-top: 350px;n        padding-bottom: 350px;n    }n}\",\"image\":\"wp-content\\\/uploads\\\/thumb_width800_height800_bug_0220_sme_barcelona-dsc4510.webp\",\"image_loading\":true,\"image_position\":\"center-center\",\"image_size\":\"cover\",\"image_width\":\"1840\",\"padding\":\"xlarge\",\"style\":\"default\",\"title_breakpoint\":\"xl\",\"title_position\":\"top-left\",\"title_rotation\":\"left\",\"vertical_align\":\"middle\",\"width\":\"default\"},\"children\":[{\"type\":\"row\",\"children\":[{\"type\":\"column\",\"props\":{\"image_position\":\"center-center\",\"media_overlay_gradient\":\"\",\"position_sticky_breakpoint\":\"m\",\"width_medium\":\"1-1\"},\"children\":[]}]}],\"name\":\"Capu00e7al foto\"},{\"type\":\"section\",\"props\":{\"animation\":\"fade\",\"animation_delay\":\"100\",\"css\":\".el-section{ntpadding-bottom: 150px;n}n@media(max-width: 960px){n    .el-section{n        padding-bottom: 100px;n    }n}n@media(max-width: 640px){n    .el-section{n        padding-bottom: 60px;n    }n}n.el-section .uk-list .el-title{ntmin-width: 68px;n}n@media(max-width:450px){n    .el-section .uk-list .el-item > .uk-grid{n        display:block;n    }n}\",\"image_position\":\"center-center\",\"preserve_color\":false,\"style\":\"default\",\"title_breakpoint\":\"xl\",\"title_position\":\"top-left\",\"title_rotation\":\"left\",\"vertical_align\":\"middle\",\"width\":\"default\"},\"children\":[{\"type\":\"row\",\"props\":{\"column_gap\":\"large\",\"layout\":\"2-5,3-5\",\"margin\":\"xlarge\"},\"children\":[{\"type\":\"column\",\"props\":{\"image_position\":\"center-center\",\"media_overlay_gradient\":\"\",\"position_sticky_breakpoint\":\"m\",\"width_medium\":\"2-5\"},\"children\":[{\"type\":\"headline\",\"props\":{\"content\":\"\n\n<p>Modern and exclusive collections reflecting lifestyles<\\\/p>\",\"title_element\":\"div\",\"title_style\":\"h1\"}}]},{\"type\":\"column\",\"props\":{\"image_position\":\"center-center\",\"media_overlay_gradient\":\"\",\"position_sticky_breakpoint\":\"m\",\"width_medium\":\"3-5\"},\"children\":[{\"type\":\"text\",\"props\":{\"column_breakpoint\":\"m\",\"content\":\"\n\n<p>Established in 1947, Bugatti is a German brand that has become one of the most important textile companies in Germany, renowned for its coats and outerwear.<\\\/p>\\n\n\n<p>Bugatti's philosophy is based on a passion for fashion and the combination of modern spirit with tradition, as reflected in their garments. As the name suggests, this brand's fashion possesses an Italian style combined with meticulous German attention to detail.<\\\/p>\\n\n\n<p>Bugatti offers complete seasonal collections for both men and women, reflecting a modern European luxury lifestyle. Their collections include all types of leisure and business attire, as well as accessories like bags, belts, shoes, and hats, conveying exclusivity, elegance, and excellent quality.<\\\/p>\\n\n\n<p>With over 10 million items sold each year, Bugatti's commercial success makes it a true global reference.<\\\/p>\\n\n\n<p><\\\/p>\",\"margin\":\"default\",\"margin_remove_bottom\":false,\"position_top\":\"310\",\"text_size\":\"large\"}}]}]},{\"type\":\"row\",\"props\":{\"layout\":\"1-2,1-2\",\"margin\":\"xlarge\",\"margin_remove_bottom\":false,\"row_gap\":\"large\"},\"children\":[{\"type\":\"column\",\"props\":{\"image_position\":\"center-center\",\"media_overlay_gradient\":\"\",\"position_sticky_breakpoint\":\"m\",\"vertical_align\":\"middle\",\"width_medium\":\"1-2\",\"yooessentials_access_conditions\":[],\"yooessentials_access_mode\":\"AND\"},\"children\":[{\"type\":\"image\",\"props\":{\"block_align\":\"center\",\"image\":\"wp-content\\\/uploads\\\/thumb_width1000_height1000_20210817_bugatti_pflegetipps_anzug_waschen_11.webp\",\"image_svg_color\":\"emphasis\",\"margin\":\"default\",\"maxwidth\":\"2xlarge\"}}]},{\"type\":\"column\",\"props\":{\"image_position\":\"center-center\",\"media_overlay_gradient\":\"\",\"position_sticky_breakpoint\":\"m\",\"width_medium\":\"1-2\"},\"children\":[{\"type\":\"image\",\"props\":{\"block_align\":\"center\",\"image\":\"wp-content\\\/uploads\\\/thumb_width1000_height1000_20200505_bugatti_magazin_ratgeber_krawatte_binden_anleitung.webp\",\"image_svg_color\":\"emphasis\",\"margin\":\"default\",\"maxwidth\":\"2xlarge\"}}]}]}],\"name\":\"Tejidos The Knots\"}],\"version\":\"3.0.26\",\"yooessentialsVersion\":\"1.9.9\"} --><\/p>\n","protected":false},"excerpt":{"rendered":"<p>BUGATTI Modern and exclusive collections reflecting lifestyles Established in 1947, Bugatti is a German brand that has become one of the most important textile companies in Germany, renowned for its coats and outerwear. Bugatti&#8217;s philosophy is based on a passion for fashion and the combination of modern spirit with tradition, as reflected in their garments. [&hellip;]<\/p>\n","protected":false},"author":3,"featured_media":0,"parent":0,"menu_order":1,"comment_status":"open","ping_status":"closed","template":"","meta":{"_monsterinsights_skip_tracking":false,"_monsterinsights_sitenote_active":false,"_monsterinsights_sitenote_note":"","_monsterinsights_sitenote_category":0,"footnotes":""},"yoast_head":"<!-- This site is optimized with the Yoast SEO plugin v22.8 - https:\/\/yoast.com\/wordpress\/plugins\/seo\/ -->\n<title>Bugatti | Boccola<\/title>\n<meta name=\"description\" content=\"Boccola, empresa fabricante de corbatas, pajaritas, gemelos, chalecos, pa\u00f1uelos de moda en Barcelona. Dise\u00f1amos y fabricamos. Modelos personalizados. Ll\u00e1manos.\" \/>\n<meta name=\"robots\" content=\"index, follow, max-snippet:-1, max-image-preview:large, max-video-preview:-1\" \/>\n<link rel=\"canonical\" href=\"https:\/\/www.boccola.es\/en\/bugatti\/\" \/>\n<meta property=\"og:locale\" content=\"en_US\" \/>\n<meta property=\"og:type\" content=\"article\" \/>\n<meta property=\"og:title\" content=\"Bugatti | Boccola\" \/>\n<meta property=\"og:description\" content=\"Boccola, empresa fabricante de corbatas, pajaritas, gemelos, chalecos, pa\u00f1uelos de moda en Barcelona. Dise\u00f1amos y fabricamos. Modelos personalizados. Ll\u00e1manos.\" \/>\n<meta property=\"og:url\" content=\"https:\/\/www.boccola.es\/en\/bugatti\/\" \/>\n<meta property=\"og:site_name\" content=\"Boccola\" \/>\n<meta property=\"article:publisher\" content=\"https:\/\/www.facebook.com\/boccoladesign\" \/>\n<meta property=\"article:modified_time\" content=\"2023-09-27T11:02:31+00:00\" \/>\n<meta property=\"og:image\" content=\"https:\/\/www.boccola.es\/wp-content\/uploads\/ab62d173acf165d6976ac458f462dcbd8f28cb1a-1.jpeg\" \/>\n\t<meta property=\"og:image:width\" content=\"1200\" \/>\n\t<meta property=\"og:image:height\" content=\"800\" \/>\n\t<meta property=\"og:image:type\" content=\"image\/jpeg\" \/>\n<meta name=\"twitter:card\" content=\"summary_large_image\" \/>\n<meta name=\"twitter:site\" content=\"@BoccolaDesign\" \/>\n<meta name=\"twitter:label1\" content=\"Est. reading time\" \/>\n\t<meta name=\"twitter:data1\" content=\"1 minute\" \/>\n<script type=\"application\/ld+json\" class=\"yoast-schema-graph\">{\"@context\":\"https:\/\/schema.org\",\"@graph\":[{\"@type\":\"WebPage\",\"@id\":\"https:\/\/www.boccola.es\/en\/bugatti\/\",\"url\":\"https:\/\/www.boccola.es\/en\/bugatti\/\",\"name\":\"Bugatti | Boccola\",\"isPartOf\":{\"@id\":\"https:\/\/www.boccola.es\/en\/#website\"},\"datePublished\":\"2023-07-12T11:26:37+00:00\",\"dateModified\":\"2023-09-27T11:02:31+00:00\",\"description\":\"Boccola, empresa fabricante de corbatas, pajaritas, gemelos, chalecos, pa\u00f1uelos de moda en Barcelona. Dise\u00f1amos y fabricamos. Modelos personalizados. Ll\u00e1manos.\",\"breadcrumb\":{\"@id\":\"https:\/\/www.boccola.es\/en\/bugatti\/#breadcrumb\"},\"inLanguage\":\"en-US\",\"potentialAction\":[{\"@type\":\"ReadAction\",\"target\":[\"https:\/\/www.boccola.es\/en\/bugatti\/\"]}]},{\"@type\":\"BreadcrumbList\",\"@id\":\"https:\/\/www.boccola.es\/en\/bugatti\/#breadcrumb\",\"itemListElement\":[{\"@type\":\"ListItem\",\"position\":1,\"name\":\"Home\",\"item\":\"https:\/\/www.boccola.es\/en\/\"},{\"@type\":\"ListItem\",\"position\":2,\"name\":\"Bugatti\"}]},{\"@type\":\"WebSite\",\"@id\":\"https:\/\/www.boccola.es\/en\/#website\",\"url\":\"https:\/\/www.boccola.es\/en\/\",\"name\":\"Boccola\",\"description\":\"Fabricaci\u00f3n y dise\u00f1o de corbatas y pajaritas\",\"publisher\":{\"@id\":\"https:\/\/www.boccola.es\/en\/#organization\"},\"potentialAction\":[{\"@type\":\"SearchAction\",\"target\":{\"@type\":\"EntryPoint\",\"urlTemplate\":\"https:\/\/www.boccola.es\/en\/?s={search_term_string}\"},\"query-input\":\"required name=search_term_string\"}],\"inLanguage\":\"en-US\"},{\"@type\":\"Organization\",\"@id\":\"https:\/\/www.boccola.es\/en\/#organization\",\"name\":\"Boccola\",\"url\":\"https:\/\/www.boccola.es\/en\/\",\"logo\":{\"@type\":\"ImageObject\",\"inLanguage\":\"en-US\",\"@id\":\"https:\/\/www.boccola.es\/en\/#\/schema\/logo\/image\/\",\"url\":\"https:\/\/www.boccola.es\/wp-content\/uploads\/boccola_transp.png\",\"contentUrl\":\"https:\/\/www.boccola.es\/wp-content\/uploads\/boccola_transp.png\",\"width\":192,\"height\":48,\"caption\":\"Boccola\"},\"image\":{\"@id\":\"https:\/\/www.boccola.es\/en\/#\/schema\/logo\/image\/\"},\"sameAs\":[\"https:\/\/www.facebook.com\/boccoladesign\",\"https:\/\/x.com\/BoccolaDesign\",\"https:\/\/www.instagram.com\/boccoladesign\/\"]}]}<\/script>\n<!-- \/ Yoast SEO plugin. -->","yoast_head_json":{"title":"Bugatti | Boccola","description":"Boccola, empresa fabricante de corbatas, pajaritas, gemelos, chalecos, pa\u00f1uelos de moda en Barcelona. Dise\u00f1amos y fabricamos. Modelos personalizados. Ll\u00e1manos.","robots":{"index":"index","follow":"follow","max-snippet":"max-snippet:-1","max-image-preview":"max-image-preview:large","max-video-preview":"max-video-preview:-1"},"canonical":"https:\/\/www.boccola.es\/en\/bugatti\/","og_locale":"en_US","og_type":"article","og_title":"Bugatti | Boccola","og_description":"Boccola, empresa fabricante de corbatas, pajaritas, gemelos, chalecos, pa\u00f1uelos de moda en Barcelona. Dise\u00f1amos y fabricamos. Modelos personalizados. Ll\u00e1manos.","og_url":"https:\/\/www.boccola.es\/en\/bugatti\/","og_site_name":"Boccola","article_publisher":"https:\/\/www.facebook.com\/boccoladesign","article_modified_time":"2023-09-27T11:02:31+00:00","og_image":[{"width":1200,"height":800,"url":"https:\/\/www.boccola.es\/wp-content\/uploads\/ab62d173acf165d6976ac458f462dcbd8f28cb1a-1.jpeg","type":"image\/jpeg"}],"twitter_card":"summary_large_image","twitter_site":"@BoccolaDesign","twitter_misc":{"Est. reading time":"1 minute"},"schema":{"@context":"https:\/\/schema.org","@graph":[{"@type":"WebPage","@id":"https:\/\/www.boccola.es\/en\/bugatti\/","url":"https:\/\/www.boccola.es\/en\/bugatti\/","name":"Bugatti | Boccola","isPartOf":{"@id":"https:\/\/www.boccola.es\/en\/#website"},"datePublished":"2023-07-12T11:26:37+00:00","dateModified":"2023-09-27T11:02:31+00:00","description":"Boccola, empresa fabricante de corbatas, pajaritas, gemelos, chalecos, pa\u00f1uelos de moda en Barcelona. Dise\u00f1amos y fabricamos. Modelos personalizados. Ll\u00e1manos.","breadcrumb":{"@id":"https:\/\/www.boccola.es\/en\/bugatti\/#breadcrumb"},"inLanguage":"en-US","potentialAction":[{"@type":"ReadAction","target":["https:\/\/www.boccola.es\/en\/bugatti\/"]}]},{"@type":"BreadcrumbList","@id":"https:\/\/www.boccola.es\/en\/bugatti\/#breadcrumb","itemListElement":[{"@type":"ListItem","position":1,"name":"Home","item":"https:\/\/www.boccola.es\/en\/"},{"@type":"ListItem","position":2,"name":"Bugatti"}]},{"@type":"WebSite","@id":"https:\/\/www.boccola.es\/en\/#website","url":"https:\/\/www.boccola.es\/en\/","name":"Boccola","description":"Fabricaci\u00f3n y dise\u00f1o de corbatas y pajaritas","publisher":{"@id":"https:\/\/www.boccola.es\/en\/#organization"},"potentialAction":[{"@type":"SearchAction","target":{"@type":"EntryPoint","urlTemplate":"https:\/\/www.boccola.es\/en\/?s={search_term_string}"},"query-input":"required name=search_term_string"}],"inLanguage":"en-US"},{"@type":"Organization","@id":"https:\/\/www.boccola.es\/en\/#organization","name":"Boccola","url":"https:\/\/www.boccola.es\/en\/","logo":{"@type":"ImageObject","inLanguage":"en-US","@id":"https:\/\/www.boccola.es\/en\/#\/schema\/logo\/image\/","url":"https:\/\/www.boccola.es\/wp-content\/uploads\/boccola_transp.png","contentUrl":"https:\/\/www.boccola.es\/wp-content\/uploads\/boccola_transp.png","width":192,"height":48,"caption":"Boccola"},"image":{"@id":"https:\/\/www.boccola.es\/en\/#\/schema\/logo\/image\/"},"sameAs":["https:\/\/www.facebook.com\/boccoladesign","https:\/\/x.com\/BoccolaDesign","https:\/\/www.instagram.com\/boccoladesign\/"]}]}},"jetpack_sharing_enabled":true,"_links":{"self":[{"href":"https:\/\/www.boccola.es\/en\/wp-json\/wp\/v2\/pages\/3792"}],"collection":[{"href":"https:\/\/www.boccola.es\/en\/wp-json\/wp\/v2\/pages"}],"about":[{"href":"https:\/\/www.boccola.es\/en\/wp-json\/wp\/v2\/types\/page"}],"author":[{"embeddable":true,"href":"https:\/\/www.boccola.es\/en\/wp-json\/wp\/v2\/users\/3"}],"replies":[{"embeddable":true,"href":"https:\/\/www.boccola.es\/en\/wp-json\/wp\/v2\/comments?post=3792"}],"version-history":[{"count":1,"href":"https:\/\/www.boccola.es\/en\/wp-json\/wp\/v2\/pages\/3792\/revisions"}],"predecessor-version":[{"id":3793,"href":"https:\/\/www.boccola.es\/en\/wp-json\/wp\/v2\/pages\/3792\/revisions\/3793"}],"wp:attachment":[{"href":"https:\/\/www.boccola.es\/en\/wp-json\/wp\/v2\/media?parent=3792"}],"curies":[{"name":"wp","href":"https:\/\/api.w.org\/{rel}","templated":true}]}}