{"id":3775,"date":"2019-03-25T09:55:29","date_gmt":"2019-03-25T08:55:29","guid":{"rendered":"https:\/\/www.boccola.es\/home\/"},"modified":"2025-05-02T11:32:19","modified_gmt":"2025-05-02T09:32:19","slug":"home","status":"publish","type":"page","link":"https:\/\/www.boccola.es\/en\/","title":{"rendered":"Home"},"content":{"rendered":"<div>\n<p>        <img decoding=\"async\" src=\"\/wp-content\/uploads\/M301-1RETOCAR-RETOCADA-PARA-PORTADA3-e1735647130216.jpg\" alt=\"\"><\/p>\n<p>        <img decoding=\"async\" src=\"\/wp-content\/uploads\/M221-1-RETOCADA-PARA-PORTADA.jpg\" alt=\"\"><\/p>\n<p><a href=\"\/en\/product-category\/man\/\">Man<\/a><\/p>\n<\/div>\n<div>\n<p>        <img decoding=\"async\" src=\"\/wp-content\/uploads\/631190_171_V10-PORTADA-WEB.jpg\" alt=\"\"><\/p>\n<p>        <img decoding=\"async\" src=\"\/wp-content\/uploads\/631190_171_V1-1-scaled.jpg\" alt=\"\"><\/p>\n<p><a href=\"\/en\/product-category\/woman\/\">Woman<\/a><\/p>\n<\/div>\n<h1>\n<p><span>We are Boccola, experts in the design, manufacturing, distribution, and wholesale of high-quality personalized accessories.<\/span><\/p>\n<\/h1>\n<h1>\n<p>Somos Boccola, expertos en el dise\u00f1o personalizado, la confecci\u00f3n <br \/>y la venta al por mayor de complementos de moda de calidad.<\/p>\n<\/h1>\n<ul>\n<li>\n<p>        <img decoding=\"async\" src=\"\/wp-content\/uploads\/LLC_4393_B-34b7c82b.webp\" alt=\"\"><\/p>\n<h3>WHOLESALE <BR> PRODUCTS<\/h3>\n<div>\n<p>Ties, scarves, bowties&#8230; All kinds of accessories, just a click away.<\/p>\n<\/div>\n<p><a href=\"\/en\/products\/\">DISCOVER<\/a><\/p>\n<\/li>\n<li>\n<p>        <img decoding=\"async\" src=\"\/wp-content\/uploads\/LLC_7477B-1-scaled.jpg\" alt=\"\"><\/p>\n<h3>CUSTOMIZABLE <BR> PRODUCTS<\/h3>\n<div>\n<p>Start creating your own designs. You bring the idea; we make it a reality.<\/p>\n<\/div>\n<p><a href=\"\/en\/personalizable\/\">DISCOVER<\/a><\/p>\n<\/li>\n<li>\n<p>        <img decoding=\"async\" src=\"\/wp-content\/uploads\/LLC3773_B111-b9a3fdbd.webp\" alt=\"\"><\/p>\n<h3>CEREMONY <BR> PRODUCTS<\/h3>\n<div>\n<p>We have the accessories that will make you shine on those special days.<\/p>\n<\/div>\n<p><a href=\"\/en\/ceremonias-y-eventos\/\">DISCOVER <\/a><\/p>\n<\/li>\n<\/ul>\n<ul>\n<li>\n<p>        <img decoding=\"async\" src=\"\/wp-content\/uploads\/fraas.png\" alt=\"\"><\/p>\n<h3>frafras<\/h3>\n<\/li>\n<li>\n<p>        <img decoding=\"async\" src=\"\/wp-content\/uploads\/Boccola-Imatge-1.svg\" alt=\"\"><\/p>\n<h3>bugatti<\/h3>\n<\/li>\n<li>\n<p>        <img decoding=\"async\" src=\"\/wp-content\/uploads\/salaroca2.png\" alt=\"\"><\/p>\n<h3>salaroca1<\/h3>\n<\/li>\n<li>\n<p>        <img decoding=\"async\" src=\"\/wp-content\/uploads\/thknots2.png\" alt=\"\"><\/p>\n<h3>theknotsfons<\/h3>\n<\/li>\n<\/ul>\n<p><iframe src=\"https:\/\/www.youtube.com\/watch?v=Ny4zCNDBCho\"><\/iframe><\/p>\n<p><!--more--><br \/>\n<!-- {\"type\":\"layout\",\"children\":[{\"type\":\"section\",\"props\":{\"attributes\":\"\",\"css\":\".el-section{\\n    overflow: hidden;\\n    margin-bottom: -10.5px;\\n}\\n\",\"header_transparent\":\"dark\",\"header_transparent_noplaceholder\":false,\"image_position\":\"center-center\",\"overlap\":false,\"padding\":\"none\",\"padding_remove_bottom\":true,\"padding_remove_top\":true,\"preserve_color\":false,\"sticky\":\"\",\"style\":\"primary\",\"title_breakpoint\":\"xl\",\"title_position\":\"top-left\",\"title_rotation\":\"left\",\"vertical_align\":\"\",\"width\":\"\"},\"children\":[{\"type\":\"row\",\"props\":{\"attributes\":\"\",\"class\":\"\",\"column_gap\":\"collapse\",\"css\":\"@media (min-width: 960px){\\n    .el-row .el-container{\\n        height: 70vh;\\n    }\\n}\\n\\n.el-row{\\n    border-top: 1px solid black;\\n}\\n\\n\",\"divider\":false,\"layout\":\"1-2,1-2\",\"margin\":\"remove-vertical\",\"margin_remove_bottom\":false,\"match\":false,\"row_gap\":\"collapse\",\"yooessentials_access_conditions\":[],\"yooessentials_access_mode\":\"AND\"},\"children\":[{\"type\":\"column\",\"props\":{\"image\":\"\",\"image_position\":\"center-center\",\"media_overlay_gradient\":\"\",\"position_sticky_breakpoint\":\"m\",\"width_medium\":\"1-2\"},\"children\":[{\"type\":\"overlay\",\"props\":{\"css\":\".uk-button-default {\\n\\tborder: 1px solid #e0e0e0;\\n    color: white;\\n\\t}\\n\",\"hover_image\":\"wp-content\\\/uploads\\\/M221-1-RETOCADA-PARA-PORTADA.jpg\",\"image\":\"wp-content\\\/uploads\\\/M301-1RETOCAR-RETOCADA-PARA-PORTADA3-e1735647130216.jpg\",\"image_loading\":false,\"image_min_height\":\"200\",\"image_width\":\"2500\",\"link\":\"en\\\/product-category\\\/man\\\/\",\"link_style\":\"default\",\"link_text\":\"Man\",\"margin\":\"remove-vertical\",\"meta_align\":\"below-title\",\"meta_element\":\"div\",\"meta_style\":\"text-meta\",\"overlay_hover\":false,\"overlay_mode\":\"cover\",\"overlay_position\":\"center\",\"overlay_style\":\"\",\"overlay_transition\":\"fade\",\"overlay_transition_background\":false,\"text_align\":\"center\",\"text_color\":\"dark\",\"text_color_hover\":true,\"title_element\":\"h3\",\"title_hover_style\":\"reset\"}}]},{\"type\":\"column\",\"props\":{\"css\":\".el-column{\\n    border-top: 1px solid black;\\n}\\n\\n@media (min-width: 960px){\\n    .el-column{\\n        border-left: 1px solid black;\\n        border-top: 0;\\n    }\\n}\",\"image_position\":\"center-center\",\"media_overlay_gradient\":\"\",\"position_sticky_breakpoint\":\"m\",\"width_medium\":\"1-2\",\"yooessentials_access_conditions\":[],\"yooessentials_access_mode\":\"AND\"},\"children\":[{\"type\":\"overlay\",\"props\":{\"css\":\"\\n.el-element .el-image{\\n    max-width: none;\\n    object-fit: cover;\\n    \\n}\\n\\n.uk-button-default {\\n\\tborder: 1px solid #e0e0e0;\\n    color: white;\\n\\t}\",\"hover_image\":\"wp-content\\\/uploads\\\/631190_171_V1-1-scaled.jpg\",\"image\":\"wp-content\\\/uploads\\\/631190_171_V10-PORTADA-WEB.jpg\",\"image_loading\":false,\"image_min_height\":\"200\",\"image_width\":\"2500\",\"link\":\"en\\\/product-category\\\/woman\\\/\",\"link_style\":\"default\",\"link_text\":\"Woman\",\"margin\":\"remove-vertical\",\"meta_align\":\"below-title\",\"meta_element\":\"div\",\"meta_style\":\"text-meta\",\"overlay_hover\":false,\"overlay_mode\":\"cover\",\"overlay_position\":\"center\",\"overlay_style\":\"\",\"overlay_transition\":\"fade\",\"overlay_transition_background\":false,\"text_align\":\"center\",\"text_color\":\"dark\",\"text_color_hover\":true,\"title_element\":\"h3\",\"title_hover_style\":\"reset\"}}]}]}],\"name\":\"Hero-home-new\"},{\"type\":\"section\",\"props\":{\"attributes\":\"\",\"class\":\"uk-hidden\",\"css\":\".el-section{\\n    overflow: hidden;\\n    margin-bottom: -10.5px;\\n}\",\"header_transparent\":\"dark\",\"header_transparent_noplaceholder\":false,\"height\":\"full\",\"image_position\":\"center-center\",\"overlap\":false,\"padding\":\"none\",\"padding_remove_bottom\":true,\"padding_remove_top\":true,\"preserve_color\":false,\"status\":\"disabled\",\"sticky\":\"\",\"style\":\"primary\",\"title_breakpoint\":\"xl\",\"title_position\":\"top-left\",\"title_rotation\":\"left\",\"vertical_align\":\"\",\"width\":\"\"},\"children\":[{\"type\":\"row\",\"props\":{\"attributes\":\"\",\"class\":\"\",\"column_gap\":\"collapse\",\"css\":\"@media (min-width: 960px){\\n.el-row{\\n    height: 90vh;\\n}\\n}\\n\\n.el-row{\\n    border-top: 1px solid black;\\n}\\n\\n\",\"divider\":false,\"layout\":\"1-2,1-2\",\"margin\":\"remove-vertical\",\"margin_remove_bottom\":false,\"match\":false,\"row_gap\":\"collapse\",\"yooessentials_access_conditions\":[],\"yooessentials_access_mode\":\"AND\"},\"children\":[{\"type\":\"column\",\"props\":{\"image\":\"\",\"image_position\":\"center-center\",\"media_overlay_gradient\":\"\",\"position_sticky_breakpoint\":\"m\",\"width_medium\":\"1-2\"},\"children\":[{\"type\":\"overlay\",\"props\":{\"css\":\".el-element, .el-element .el-container{\\n    width: 100%;\\n    height: 100%;\\n}\\n.el-element .el-image, .el-element .el-hover-image{\\n    max-width: none;\\n    object-fit: cover;    \\n}\\n\\n\\n.uk-button-default {\\n\\tborder: 1px solid #e0e0e0;\\n    color: white;\\n\\t}\\n\",\"hover_image\":\"wp-content\\\/uploads\\\/Boccola-Imatge_homehome-gris-2.jpg\",\"image\":\"wp-content\\\/uploads\\\/Boccola-Imatge_homehome-1.jpg\",\"image_loading\":false,\"image_min_height\":\"200\",\"link\":\"en\\\/product-category\\\/man\\\/\",\"link_style\":\"default\",\"link_text\":\"Man\",\"margin\":\"remove-vertical\",\"meta_align\":\"below-title\",\"meta_element\":\"div\",\"meta_style\":\"text-meta\",\"overlay_hover\":false,\"overlay_mode\":\"cover\",\"overlay_position\":\"center\",\"overlay_style\":\"\",\"overlay_transition\":\"fade\",\"overlay_transition_background\":false,\"text_align\":\"center\",\"text_color\":\"dark\",\"text_color_hover\":true,\"title_element\":\"h3\",\"title_hover_style\":\"reset\"}}]},{\"type\":\"column\",\"props\":{\"css\":\".el-column{\\n    border-top: 1px solid black;\\n}\\n\\n@media (min-width: 960px){\\n    .el-column{\\n        border-left: 1px solid black;\\n        border-top: 0;\\n    }\\n}\",\"image_position\":\"center-center\",\"media_overlay_gradient\":\"\",\"position_sticky_breakpoint\":\"m\",\"width_medium\":\"1-2\",\"yooessentials_access_conditions\":[],\"yooessentials_access_mode\":\"AND\"},\"children\":[{\"type\":\"overlay\",\"props\":{\"css\":\".el-element, .el-element .el-container{\\n    width: 100%;\\n    height: 100%;\\n}\\n.el-element .el-image{\\n    max-width: none;\\n    object-fit: cover;\\n    \\n}\\n\\n.uk-button-default {\\n\\tborder: 1px solid #e0e0e0;\\n    color: white;\\n\\t}\",\"hover_image\":\"wp-content\\\/uploads\\\/Boccola-Imatge_homedona-gris-1.jpg\",\"image\":\"wp-content\\\/uploads\\\/Boccola-Imatge_homedona-1.jpg\",\"image_loading\":false,\"image_min_height\":\"200\",\"link\":\"en\\\/product-category\\\/woman\\\/\",\"link_style\":\"default\",\"link_text\":\"Woman\",\"margin\":\"remove-vertical\",\"meta_align\":\"below-title\",\"meta_element\":\"div\",\"meta_style\":\"text-meta\",\"overlay_hover\":false,\"overlay_mode\":\"cover\",\"overlay_position\":\"center\",\"overlay_style\":\"\",\"overlay_transition\":\"fade\",\"overlay_transition_background\":false,\"text_align\":\"center\",\"text_color\":\"dark\",\"text_color_hover\":true,\"title_element\":\"h3\",\"title_hover_style\":\"reset\"}}]}]}],\"name\":\"Hero-home 100vh\"},{\"type\":\"section\",\"props\":{\"image_position\":\"center-center\",\"style\":\"default\",\"title_breakpoint\":\"xl\",\"title_position\":\"top-left\",\"title_rotation\":\"left\",\"vertical_align\":\"middle\",\"width\":\"default\"},\"children\":[{\"type\":\"row\",\"props\":{\"width\":\"small\"},\"children\":[{\"type\":\"column\",\"props\":{\"image_position\":\"center-center\",\"media_overlay_gradient\":\"\",\"position_sticky_breakpoint\":\"m\",\"yooessentials_access_conditions\":[],\"yooessentials_access_mode\":\"AND\"},\"children\":[{\"type\":\"headline\",\"props\":{\"content\":\"\n\n<p><span>We are Boccola, experts in the design, manufacturing, distribution, and wholesale of high-quality personalized accessories.<\\\/span><\\\/p>\",\"margin\":\"medium\",\"text_align\":\"center\",\"title_element\":\"h1\",\"title_style\":\"heading-small\",\"visibility\":\"s\"}},{\"type\":\"headline\",\"props\":{\"content\":\"\n\n<p>Somos Boccola, expertos en el dise\\u00f1o personalizado, la confecci\\u00f3n <br \\\/>y la venta al por mayor de complementos de moda de calidad.<\\\/p>\",\"margin\":\"medium\",\"text_align\":\"center\",\"title_element\":\"h1\",\"title_style\":\"h5\",\"visibility\":\"hidden-s\"}}]}]}]},{\"type\":\"section\",\"props\":{\"animation\":\"slide-bottom-medium\",\"height\":\"percent\",\"image_position\":\"center-center\",\"style\":\"default\",\"title_breakpoint\":\"xl\",\"title_position\":\"top-left\",\"title_rotation\":\"left\",\"vertical_align\":\"middle\",\"width\":\"default\"},\"children\":[{\"type\":\"row\",\"children\":[{\"type\":\"column\",\"props\":{\"image_position\":\"center-center\",\"media_overlay_gradient\":\"\",\"position_sticky_breakpoint\":\"m\",\"style\":\"default\"},\"children\":[{\"type\":\"grid\",\"props\":{\"animation\":\"slide-bottom-medium\",\"content_column_breakpoint\":\"m\",\"filter_align\":\"left\",\"filter_all\":true,\"filter_grid_breakpoint\":\"m\",\"filter_grid_width\":\"auto\",\"filter_position\":\"top\",\"filter_style\":\"tab\",\"grid_default\":\"1\",\"grid_medium\":\"3\",\"icon_width\":80,\"image_align\":\"top\",\"image_grid_breakpoint\":\"m\",\"image_grid_width\":\"1-2\",\"image_svg_color\":\"emphasis\",\"item_animation\":true,\"link_margin\":\"medium\",\"link_style\":\"primary\",\"link_target\":true,\"link_text\":\"\",\"margin\":\"default\",\"meta_align\":\"below-title\",\"meta_element\":\"div\",\"meta_style\":\"text-meta\",\"panel_link\":false,\"panel_padding\":\"default\",\"panel_style\":\"card-hover\",\"show_content\":true,\"show_image\":true,\"show_link\":true,\"show_meta\":true,\"show_title\":true,\"title_align\":\"top\",\"title_element\":\"h3\",\"title_grid_breakpoint\":\"m\",\"title_grid_width\":\"1-2\",\"title_hover_style\":\"reset\",\"title_margin\":\"large\",\"title_style\":\"h4\"},\"children\":[{\"type\":\"grid_item\",\"props\":{\"content\":\"\n\n<p>Ties, scarves, bowties... All kinds of accessories, just a click away.<\\\/p>\",\"image\":\"wp-content\\\/uploads\\\/LLC_4393_B-34b7c82b.webp\",\"link\":\"en\\\/products\\\/\",\"link_text\":\"DISCOVER\",\"title\":\"WHOLESALE <BR> PRODUCTS\"}},{\"type\":\"grid_item\",\"props\":{\"content\":\"\n\n<p>Start creating your own designs. You bring the idea; we make it a reality.<\\\/p>\",\"image\":\"wp-content\\\/uploads\\\/LLC_7477B-1-scaled.jpg\",\"link\":\"en\\\/personalizable\\\/\",\"link_text\":\"DISCOVER\",\"title\":\"CUSTOMIZABLE <BR> PRODUCTS\"}},{\"type\":\"grid_item\",\"props\":{\"content\":\"\n\n<p>We have the accessories that will make you shine on those special days.<\\\/p>\",\"image\":\"wp-content\\\/uploads\\\/LLC3773_B111-b9a3fdbd.webp\",\"link\":\"en\\\/ceremonias-y-eventos\\\/\",\"link_text\":\"DISCOVER \",\"title\":\"CEREMONY <BR> PRODUCTS\"}}]}]}]}],\"name\":\"Section-3 botons\"},{\"type\":\"section\",\"props\":{\"class\":\"\",\"css\":\".el-section{\\n    overflow: hidden;\\n    position: relative;\\n}\\n.el-section:before{\\n    content:\\\" \\\";\\n    width: 100%;\\n    height: 100%;\\n    background-color: white;\\n    position: absolute;\\n    opacity: 1;\\n    transition: opacity 0.5s ease-in-out;\\n    top: 0;\\n    right:0;\\n\\n}\\n.el-section.item-hovered::before{\\n    opacity: 0;\\n}\",\"id\":\"homeBrandsSection\",\"image_position\":\"center-center\",\"padding\":\"large\",\"padding_remove_bottom\":false,\"padding_remove_top\":false,\"style\":\"default\",\"title_breakpoint\":\"xl\",\"title_position\":\"top-left\",\"title_rotation\":\"left\",\"vertical_align\":\"middle\",\"width\":\"default\"},\"children\":[{\"type\":\"row\",\"children\":[{\"type\":\"column\",\"props\":{\"image_position\":\"center-center\",\"media_overlay_gradient\":\"\",\"position_sticky_breakpoint\":\"m\"},\"children\":[{\"type\":\"gallery\",\"props\":{\"block_align\":\"center\",\"css\":\".el-element .el-title{\\n    display: none;\\n}\",\"filter_align\":\"left\",\"filter_all\":true,\"filter_grid_breakpoint\":\"m\",\"filter_grid_width\":\"auto\",\"filter_position\":\"top\",\"filter_style\":\"tab\",\"grid_column_align\":true,\"grid_default\":\"2\",\"grid_medium\":\"4\",\"grid_row_align\":true,\"id\":\"homeBrandsGrid\",\"image_min_height\":\"0\",\"item_animation\":true,\"link_style\":\"default\",\"link_text\":\"Read more\",\"margin\":\"default\",\"margin_remove_bottom\":false,\"margin_remove_top\":false,\"meta_align\":\"below-title\",\"meta_element\":\"div\",\"meta_style\":\"text-meta\",\"overlay_hover\":false,\"overlay_mode\":\"cover\",\"overlay_position\":\"center\",\"overlay_style\":\"\",\"overlay_transition\":\"fade\",\"overlay_transition_background\":true,\"show_content\":true,\"show_hover_image\":true,\"show_link\":true,\"show_meta\":true,\"show_title\":true,\"text_align\":\"center\",\"text_color\":\"light\",\"text_color_hover\":false,\"title_element\":\"h3\",\"title_hover_style\":\"reset\"},\"children\":[{\"type\":\"gallery_item\",\"props\":{\"image\":\"wp-content\\\/uploads\\\/fraas.png\",\"title\":\"frafras\",\"yooessentials_access_conditions\":[],\"yooessentials_access_mode\":\"AND\"}},{\"type\":\"gallery_item\",\"props\":{\"image\":\"wp-content\\\/uploads\\\/Boccola-Imatge-1.svg\",\"title\":\"bugatti\"}},{\"type\":\"gallery_item\",\"props\":{\"image\":\"wp-content\\\/uploads\\\/salaroca2.png\",\"title\":\"salaroca1\"}},{\"type\":\"gallery_item\",\"props\":{\"image\":\"wp-content\\\/uploads\\\/thknots2.png\",\"title\":\"theknotsfons\"}}]}]}],\"props\":{\"column_gap\":\"collapse\",\"margin\":\"default\",\"margin_remove_bottom\":false,\"margin_remove_top\":false,\"match\":false}}],\"name\":\"brands\"},{\"type\":\"section\",\"props\":{\"animation\":\"fade\",\"image_position\":\"center-center\",\"padding\":\"none\",\"style\":\"default\",\"title_breakpoint\":\"xl\",\"title_position\":\"top-left\",\"title_rotation\":\"left\",\"vertical_align\":\"middle\",\"width\":\"\"},\"children\":[{\"type\":\"row\",\"children\":[{\"type\":\"column\",\"props\":{\"image_position\":\"center-center\",\"media_overlay_gradient\":\"\",\"position_sticky_breakpoint\":\"m\"},\"children\":[{\"type\":\"video\",\"props\":{\"animation\":\"slide-bottom-medium\",\"margin\":\"default\",\"video\":\"https:\\\/\\\/www.youtube.com\\\/watch?v=Ny4zCNDBCho\",\"video_controls\":true,\"video_width\":\"2500\"}}]}]}],\"name\":\"Video\"}],\"version\":\"3.0.26\",\"yooessentialsVersion\":\"1.9.9\"} --><\/p>\n","protected":false},"excerpt":{"rendered":"<p>Man Woman We are Boccola, experts in the design, manufacturing, distribution, and wholesale of high-quality personalized accessories. Somos Boccola, expertos en el dise\u00f1o personalizado, la confecci\u00f3n y la venta al por mayor de complementos de moda de calidad. WHOLESALE PRODUCTS Ties, scarves, bowties&#8230; All kinds of accessories, just a click away. DISCOVER CUSTOMIZABLE PRODUCTS Start [&hellip;]<\/p>\n","protected":false},"author":1,"featured_media":0,"parent":0,"menu_order":1,"comment_status":"open","ping_status":"open","template":"","meta":{"_monsterinsights_skip_tracking":false,"_monsterinsights_sitenote_active":false,"_monsterinsights_sitenote_note":"","_monsterinsights_sitenote_category":0,"footnotes":""},"yoast_head":"<!-- This site is optimized with the Yoast SEO plugin v22.8 - https:\/\/yoast.com\/wordpress\/plugins\/seo\/ -->\n<title>Home | Boccola<\/title>\n<meta name=\"description\" content=\"Somos Boccola, expertos en el dise\u00f1o personalizado, la confecci\u00f3ny la venta al por mayor de complementos de moda de calidad.\" \/>\n<meta name=\"robots\" content=\"index, follow, max-snippet:-1, max-image-preview:large, max-video-preview:-1\" \/>\n<link rel=\"canonical\" href=\"https:\/\/www.boccola.es\/en\/\" \/>\n<meta property=\"og:locale\" content=\"en_US\" \/>\n<meta property=\"og:type\" content=\"article\" \/>\n<meta property=\"og:title\" content=\"Boccola- Fabricaci\u00f3n y dise\u00f1o de corbatas y pajaritas\" \/>\n<meta property=\"og:description\" content=\"Boccola, empresa fabricante de corbatas, pajaritas, gemelos, chalecos, pa\u00f1uelos de moda en Barcelona. Dise\u00f1amos y fabricamos. Modelos personalizados. Ll\u00e1manos.\" \/>\n<meta property=\"og:url\" content=\"https:\/\/www.boccola.es\/en\/\" \/>\n<meta property=\"og:site_name\" content=\"Boccola\" \/>\n<meta property=\"article:publisher\" content=\"https:\/\/www.facebook.com\/boccoladesign\" \/>\n<meta property=\"article:modified_time\" content=\"2025-05-02T09:32:19+00:00\" \/>\n<meta property=\"og:image\" content=\"https:\/\/www.boccola.es\/wp-content\/uploads\/salaroca1.jpg\" \/>\n\t<meta property=\"og:image:width\" content=\"1700\" \/>\n\t<meta property=\"og:image:height\" content=\"1131\" \/>\n\t<meta property=\"og:image:type\" content=\"image\/jpeg\" \/>\n<meta name=\"twitter:card\" content=\"summary_large_image\" \/>\n<meta name=\"twitter:title\" content=\"Boccola- Fabricaci\u00f3n y dise\u00f1o de corbatas y pajaritas\" \/>\n<meta name=\"twitter:description\" content=\"Boccola, empresa fabricante de corbatas, pajaritas, gemelos, chalecos, pa\u00f1uelos de moda en Barcelona. Dise\u00f1amos y fabricamos. Modelos personalizados. Ll\u00e1manos.\" \/>\n<meta name=\"twitter:image\" content=\"https:\/\/www.boccola.es\/wp-content\/uploads\/salaroca1.jpg\" \/>\n<meta name=\"twitter:site\" content=\"@BoccolaDesign\" \/>\n<meta name=\"twitter:label1\" content=\"Est. reading time\" \/>\n\t<meta name=\"twitter:data1\" content=\"3 minutes\" \/>\n<script type=\"application\/ld+json\" class=\"yoast-schema-graph\">{\"@context\":\"https:\/\/schema.org\",\"@graph\":[{\"@type\":\"WebPage\",\"@id\":\"https:\/\/www.boccola.es\/en\/\",\"url\":\"https:\/\/www.boccola.es\/en\/\",\"name\":\"Home | Boccola\",\"isPartOf\":{\"@id\":\"https:\/\/www.boccola.es\/en\/#website\"},\"datePublished\":\"2019-03-25T08:55:29+00:00\",\"dateModified\":\"2025-05-02T09:32:19+00:00\",\"description\":\"Somos Boccola, expertos en el dise\u00f1o personalizado, la confecci\u00f3ny la venta al por mayor de complementos de moda de calidad.\",\"breadcrumb\":{\"@id\":\"https:\/\/www.boccola.es\/en\/#breadcrumb\"},\"inLanguage\":\"en-US\",\"potentialAction\":[{\"@type\":\"ReadAction\",\"target\":[\"https:\/\/www.boccola.es\/en\/\"]}]},{\"@type\":\"BreadcrumbList\",\"@id\":\"https:\/\/www.boccola.es\/en\/#breadcrumb\",\"itemListElement\":[{\"@type\":\"ListItem\",\"position\":1,\"name\":\"Home\",\"item\":\"https:\/\/www.boccola.es\/en\/\"},{\"@type\":\"ListItem\",\"position\":2,\"name\":\"Home\"}]},{\"@type\":\"WebSite\",\"@id\":\"https:\/\/www.boccola.es\/en\/#website\",\"url\":\"https:\/\/www.boccola.es\/en\/\",\"name\":\"Boccola\",\"description\":\"Fabricaci\u00f3n y dise\u00f1o de corbatas y pajaritas\",\"publisher\":{\"@id\":\"https:\/\/www.boccola.es\/en\/#organization\"},\"potentialAction\":[{\"@type\":\"SearchAction\",\"target\":{\"@type\":\"EntryPoint\",\"urlTemplate\":\"https:\/\/www.boccola.es\/en\/?s={search_term_string}\"},\"query-input\":\"required name=search_term_string\"}],\"inLanguage\":\"en-US\"},{\"@type\":\"Organization\",\"@id\":\"https:\/\/www.boccola.es\/en\/#organization\",\"name\":\"Boccola\",\"url\":\"https:\/\/www.boccola.es\/en\/\",\"logo\":{\"@type\":\"ImageObject\",\"inLanguage\":\"en-US\",\"@id\":\"https:\/\/www.boccola.es\/en\/#\/schema\/logo\/image\/\",\"url\":\"https:\/\/www.boccola.es\/wp-content\/uploads\/boccola_transp.png\",\"contentUrl\":\"https:\/\/www.boccola.es\/wp-content\/uploads\/boccola_transp.png\",\"width\":192,\"height\":48,\"caption\":\"Boccola\"},\"image\":{\"@id\":\"https:\/\/www.boccola.es\/en\/#\/schema\/logo\/image\/\"},\"sameAs\":[\"https:\/\/www.facebook.com\/boccoladesign\",\"https:\/\/x.com\/BoccolaDesign\",\"https:\/\/www.instagram.com\/boccoladesign\/\"]}]}<\/script>\n<!-- \/ Yoast SEO plugin. -->","yoast_head_json":{"title":"Home | Boccola","description":"Somos Boccola, expertos en el dise\u00f1o personalizado, la confecci\u00f3ny la venta al por mayor de complementos de moda de calidad.","robots":{"index":"index","follow":"follow","max-snippet":"max-snippet:-1","max-image-preview":"max-image-preview:large","max-video-preview":"max-video-preview:-1"},"canonical":"https:\/\/www.boccola.es\/en\/","og_locale":"en_US","og_type":"article","og_title":"Boccola- Fabricaci\u00f3n y dise\u00f1o de corbatas y pajaritas","og_description":"Boccola, empresa fabricante de corbatas, pajaritas, gemelos, chalecos, pa\u00f1uelos de moda en Barcelona. Dise\u00f1amos y fabricamos. Modelos personalizados. Ll\u00e1manos.","og_url":"https:\/\/www.boccola.es\/en\/","og_site_name":"Boccola","article_publisher":"https:\/\/www.facebook.com\/boccoladesign","article_modified_time":"2025-05-02T09:32:19+00:00","og_image":[{"width":1700,"height":1131,"url":"https:\/\/www.boccola.es\/wp-content\/uploads\/salaroca1.jpg","type":"image\/jpeg"}],"twitter_card":"summary_large_image","twitter_title":"Boccola- Fabricaci\u00f3n y dise\u00f1o de corbatas y pajaritas","twitter_description":"Boccola, empresa fabricante de corbatas, pajaritas, gemelos, chalecos, pa\u00f1uelos de moda en Barcelona. Dise\u00f1amos y fabricamos. Modelos personalizados. Ll\u00e1manos.","twitter_image":"https:\/\/www.boccola.es\/wp-content\/uploads\/salaroca1.jpg","twitter_site":"@BoccolaDesign","twitter_misc":{"Est. reading time":"3 minutes"},"schema":{"@context":"https:\/\/schema.org","@graph":[{"@type":"WebPage","@id":"https:\/\/www.boccola.es\/en\/","url":"https:\/\/www.boccola.es\/en\/","name":"Home | Boccola","isPartOf":{"@id":"https:\/\/www.boccola.es\/en\/#website"},"datePublished":"2019-03-25T08:55:29+00:00","dateModified":"2025-05-02T09:32:19+00:00","description":"Somos Boccola, expertos en el dise\u00f1o personalizado, la confecci\u00f3ny la venta al por mayor de complementos de moda de calidad.","breadcrumb":{"@id":"https:\/\/www.boccola.es\/en\/#breadcrumb"},"inLanguage":"en-US","potentialAction":[{"@type":"ReadAction","target":["https:\/\/www.boccola.es\/en\/"]}]},{"@type":"BreadcrumbList","@id":"https:\/\/www.boccola.es\/en\/#breadcrumb","itemListElement":[{"@type":"ListItem","position":1,"name":"Home","item":"https:\/\/www.boccola.es\/en\/"},{"@type":"ListItem","position":2,"name":"Home"}]},{"@type":"WebSite","@id":"https:\/\/www.boccola.es\/en\/#website","url":"https:\/\/www.boccola.es\/en\/","name":"Boccola","description":"Fabricaci\u00f3n y dise\u00f1o de corbatas y pajaritas","publisher":{"@id":"https:\/\/www.boccola.es\/en\/#organization"},"potentialAction":[{"@type":"SearchAction","target":{"@type":"EntryPoint","urlTemplate":"https:\/\/www.boccola.es\/en\/?s={search_term_string}"},"query-input":"required name=search_term_string"}],"inLanguage":"en-US"},{"@type":"Organization","@id":"https:\/\/www.boccola.es\/en\/#organization","name":"Boccola","url":"https:\/\/www.boccola.es\/en\/","logo":{"@type":"ImageObject","inLanguage":"en-US","@id":"https:\/\/www.boccola.es\/en\/#\/schema\/logo\/image\/","url":"https:\/\/www.boccola.es\/wp-content\/uploads\/boccola_transp.png","contentUrl":"https:\/\/www.boccola.es\/wp-content\/uploads\/boccola_transp.png","width":192,"height":48,"caption":"Boccola"},"image":{"@id":"https:\/\/www.boccola.es\/en\/#\/schema\/logo\/image\/"},"sameAs":["https:\/\/www.facebook.com\/boccoladesign","https:\/\/x.com\/BoccolaDesign","https:\/\/www.instagram.com\/boccoladesign\/"]}]}},"jetpack_sharing_enabled":true,"_links":{"self":[{"href":"https:\/\/www.boccola.es\/en\/wp-json\/wp\/v2\/pages\/3775"}],"collection":[{"href":"https:\/\/www.boccola.es\/en\/wp-json\/wp\/v2\/pages"}],"about":[{"href":"https:\/\/www.boccola.es\/en\/wp-json\/wp\/v2\/types\/page"}],"author":[{"embeddable":true,"href":"https:\/\/www.boccola.es\/en\/wp-json\/wp\/v2\/users\/1"}],"replies":[{"embeddable":true,"href":"https:\/\/www.boccola.es\/en\/wp-json\/wp\/v2\/comments?post=3775"}],"version-history":[{"count":26,"href":"https:\/\/www.boccola.es\/en\/wp-json\/wp\/v2\/pages\/3775\/revisions"}],"predecessor-version":[{"id":8769,"href":"https:\/\/www.boccola.es\/en\/wp-json\/wp\/v2\/pages\/3775\/revisions\/8769"}],"wp:attachment":[{"href":"https:\/\/www.boccola.es\/en\/wp-json\/wp\/v2\/media?parent=3775"}],"curies":[{"name":"wp","href":"https:\/\/api.w.org\/{rel}","templated":true}]}}